{"id":4503,"date":"2025-12-22T14:57:25","date_gmt":"2025-12-22T12:57:25","guid":{"rendered":"https:\/\/nu.prakticum.fi\/nu26\/?page_id=4503"},"modified":"2025-12-22T15:00:31","modified_gmt":"2025-12-22T13:00:31","slug":"jonas-osterberg","status":"publish","type":"page","link":"https:\/\/nu.prakticum.fi\/nu26\/jonas-osterberg\/","title":{"rendered":"Jonas \u00d6sterberg"},"content":{"rendered":"\t\t<div data-elementor-type=\"wp-page\" data-elementor-id=\"4503\" class=\"elementor elementor-4503\">\n\t\t\t\t\t\t<section class=\"elementor-section elementor-top-section elementor-element elementor-element-30165465 elementor-section-boxed elementor-section-height-default elementor-section-height-default\" data-id=\"30165465\" data-element_type=\"section\">\n\t\t\t\t\t\t<div class=\"elementor-container elementor-column-gap-default\">\n\t\t\t\t\t<div class=\"elementor-column elementor-col-50 elementor-top-column elementor-element elementor-element-2e76d233\" data-id=\"2e76d233\" data-element_type=\"column\" data-settings=\"{&quot;background_background&quot;:&quot;classic&quot;}\">\n\t\t\t<div class=\"elementor-widget-wrap elementor-element-populated\">\n\t\t\t\t\t<div class=\"elementor-background-overlay\"><\/div>\n\t\t\t\t\t\t<div class=\"elementor-element elementor-element-26aee576 elementor-align-left elementor-widget elementor-widget-button\" data-id=\"26aee576\" data-element_type=\"widget\" data-widget_type=\"button.default\">\n\t\t\t\t<div class=\"elementor-widget-container\">\n\t\t\t\t\t\t\t\t\t<div class=\"elementor-button-wrapper\">\n\t\t\t\t\t<a class=\"elementor-button elementor-button-link elementor-size-sm\" href=\"https:\/\/nu.prakticum.fi\/nu26\/\">\n\t\t\t\t\t\t<span class=\"elementor-button-content-wrapper\">\n\t\t\t\t\t\t\t\t\t<span class=\"elementor-button-text\">Back to homepage<\/span>\n\t\t\t\t\t<\/span>\n\t\t\t\t\t<\/a>\n\t\t\t\t<\/div>\n\t\t\t\t\t\t\t\t<\/div>\n\t\t\t\t<\/div>\n\t\t\t\t<div class=\"elementor-element elementor-element-5da20db8 elementor-widget elementor-widget-spacer\" data-id=\"5da20db8\" data-element_type=\"widget\" data-widget_type=\"spacer.default\">\n\t\t\t\t<div class=\"elementor-widget-container\">\n\t\t\t\t\t\t\t<div class=\"elementor-spacer\">\n\t\t\t<div class=\"elementor-spacer-inner\"><\/div>\n\t\t<\/div>\n\t\t\t\t\t\t<\/div>\n\t\t\t\t<\/div>\n\t\t\t\t<div class=\"elementor-element elementor-element-1c1a7b91 elementor-widget elementor-widget-heading\" data-id=\"1c1a7b91\" data-element_type=\"widget\" data-widget_type=\"heading.default\">\n\t\t\t\t<div class=\"elementor-widget-container\">\n\t\t\t\t\t<h2 class=\"elementor-heading-title elementor-size-default\">Jonas \u00d6sterberg<\/h2>\t\t\t\t<\/div>\n\t\t\t\t<\/div>\n\t\t\t\t<div class=\"elementor-element elementor-element-245845c5 elementor-widget elementor-widget-text-editor\" data-id=\"245845c5\" data-element_type=\"widget\" data-widget_type=\"text-editor.default\">\n\t\t\t\t<div class=\"elementor-widget-container\">\n\t\t\t\t\t\t\t\t\t<p><span style=\"font-weight: 400;\">My name is Jonas \u00d6sterberg, and I come from Sibbo, Finland, where I study Media and Art. Since elementary school I have been fascinated by the universe. I began by observing the night sky with a telescope, and soon photography became a natural extension of that curiosity. To me, borders and boundaries represent humanity\u2019s limits\u2014the threshold between the infinite and the unknown. In an uncertain world and times of conflict, it feels comforting to turn toward something untouched by human influence. No matter what happens on our small planet, we remain tiny compared to the cosmos, yet our existence is rare and meaningful.<\/span><\/p>\t\t\t\t\t\t\t\t<\/div>\n\t\t\t\t<\/div>\n\t\t\t\t<div class=\"elementor-element elementor-element-63bccc8 elementor-widget elementor-widget-audio\" data-id=\"63bccc8\" data-element_type=\"widget\" data-widget_type=\"audio.default\">\n\t\t\t\t<div class=\"elementor-widget-container\">\n\t\t\t\t\t\t\t\t<div class=\"elementor-soundcloud-wrapper\">\n\t\t\t\t<iframe width=\"911\" height=\"200\" frameborder=\"no\" src=\"https:\/\/w.soundcloud.com\/player\/?visual=false&#038;url=https%3A%2F%2Fapi.soundcloud.com%2Ftracks%2F2234288132&#038;show_artwork=false&#038;maxheight=1000&#038;maxwidth=911&#038;auto_play=false&#038;buying=false&#038;liking=false&#038;download=false&#038;sharing=false&#038;show_comments=false&#038;show_playcount=false&#038;show_user=false&#038;color=000000\"><\/iframe>\t\t\t<\/div>\n\t\t\t\t\t\t\t<\/div>\n\t\t\t\t<\/div>\n\t\t\t\t\t<\/div>\n\t\t<\/div>\n\t\t\t\t<div class=\"elementor-column elementor-col-50 elementor-top-column elementor-element elementor-element-34f58dd2\" data-id=\"34f58dd2\" data-element_type=\"column\">\n\t\t\t<div class=\"elementor-widget-wrap elementor-element-populated\">\n\t\t\t\t\t\t<div class=\"elementor-element elementor-element-3be5115 elementor-widget elementor-widget-spacer\" data-id=\"3be5115\" data-element_type=\"widget\" data-widget_type=\"spacer.default\">\n\t\t\t\t<div class=\"elementor-widget-container\">\n\t\t\t\t\t\t\t<div class=\"elementor-spacer\">\n\t\t\t<div class=\"elementor-spacer-inner\"><\/div>\n\t\t<\/div>\n\t\t\t\t\t\t<\/div>\n\t\t\t\t<\/div>\n\t\t\t\t<div class=\"elementor-element elementor-element-d4108f1 gallery-spacing-custom elementor-widget elementor-widget-image-gallery\" data-id=\"d4108f1\" data-element_type=\"widget\" data-widget_type=\"image-gallery.default\">\n\t\t\t\t<div class=\"elementor-widget-container\">\n\t\t\t\t\t\t\t<div class=\"elementor-image-gallery\">\n\t\t\t<div id='gallery-1' class='gallery galleryid-4503 gallery-columns-1 gallery-size-large'><figure class='gallery-item'>\n\t\t\t<div class='gallery-icon landscape'>\n\t\t\t\t<a data-elementor-open-lightbox=\"yes\" data-elementor-lightbox-slideshow=\"d4108f1\" data-e-action-hash=\"#elementor-action%3Aaction%3Dlightbox%26settings%3DeyJpZCI6NDUwNiwidXJsIjoiaHR0cHM6XC9cL251LnByYWt0aWN1bS5maVwvbnUyNlwvd3AtY29udGVudFwvdXBsb2Fkc1wvMjAyNVwvMTJcL0ZJXzAxX3ByYWt0aWN1bV9qb25hc19Pc3RlcmJlcmcuanBnIiwic2xpZGVzaG93IjoiZDQxMDhmMSJ9\" href='https:\/\/nu.prakticum.fi\/nu26\/wp-content\/uploads\/2025\/12\/FI_01_prakticum_jonas_Osterberg.jpg'><img fetchpriority=\"high\" decoding=\"async\" width=\"911\" height=\"608\" src=\"https:\/\/nu.prakticum.fi\/nu26\/wp-content\/uploads\/2025\/12\/FI_01_prakticum_jonas_Osterberg-1024x683.jpg\" class=\"attachment-large size-large\" alt=\"\" srcset=\"https:\/\/nu.prakticum.fi\/nu26\/wp-content\/uploads\/2025\/12\/FI_01_prakticum_jonas_Osterberg-1024x683.jpg 1024w, https:\/\/nu.prakticum.fi\/nu26\/wp-content\/uploads\/2025\/12\/FI_01_prakticum_jonas_Osterberg-300x200.jpg 300w, https:\/\/nu.prakticum.fi\/nu26\/wp-content\/uploads\/2025\/12\/FI_01_prakticum_jonas_Osterberg-768x512.jpg 768w, https:\/\/nu.prakticum.fi\/nu26\/wp-content\/uploads\/2025\/12\/FI_01_prakticum_jonas_Osterberg-1536x1024.jpg 1536w, https:\/\/nu.prakticum.fi\/nu26\/wp-content\/uploads\/2025\/12\/FI_01_prakticum_jonas_Osterberg.jpg 2048w\" sizes=\"(max-width: 911px) 100vw, 911px\" \/><\/a>\n\t\t\t<\/div><\/figure><figure class='gallery-item'>\n\t\t\t<div class='gallery-icon landscape'>\n\t\t\t\t<a data-elementor-open-lightbox=\"yes\" data-elementor-lightbox-slideshow=\"d4108f1\" data-e-action-hash=\"#elementor-action%3Aaction%3Dlightbox%26settings%3DeyJpZCI6NDUwOCwidXJsIjoiaHR0cHM6XC9cL251LnByYWt0aWN1bS5maVwvbnUyNlwvd3AtY29udGVudFwvdXBsb2Fkc1wvMjAyNVwvMTJcL0ZJXzAyX3ByYWt0aWN1bV9qb25hc19Pc3RlcmJlcmdQUklOVC1zY2FsZWQuanBnIiwic2xpZGVzaG93IjoiZDQxMDhmMSJ9\" href='https:\/\/nu.prakticum.fi\/nu26\/wp-content\/uploads\/2025\/12\/FI_02_prakticum_jonas_OsterbergPRINT-scaled.jpg'><img decoding=\"async\" width=\"911\" height=\"608\" src=\"https:\/\/nu.prakticum.fi\/nu26\/wp-content\/uploads\/2025\/12\/FI_02_prakticum_jonas_OsterbergPRINT-1024x683.jpg\" class=\"attachment-large size-large\" alt=\"\" srcset=\"https:\/\/nu.prakticum.fi\/nu26\/wp-content\/uploads\/2025\/12\/FI_02_prakticum_jonas_OsterbergPRINT-1024x683.jpg 1024w, https:\/\/nu.prakticum.fi\/nu26\/wp-content\/uploads\/2025\/12\/FI_02_prakticum_jonas_OsterbergPRINT-300x200.jpg 300w, https:\/\/nu.prakticum.fi\/nu26\/wp-content\/uploads\/2025\/12\/FI_02_prakticum_jonas_OsterbergPRINT-768x512.jpg 768w, https:\/\/nu.prakticum.fi\/nu26\/wp-content\/uploads\/2025\/12\/FI_02_prakticum_jonas_OsterbergPRINT-1536x1024.jpg 1536w, https:\/\/nu.prakticum.fi\/nu26\/wp-content\/uploads\/2025\/12\/FI_02_prakticum_jonas_OsterbergPRINT-2048x1365.jpg 2048w\" sizes=\"(max-width: 911px) 100vw, 911px\" \/><\/a>\n\t\t\t<\/div><\/figure><figure class='gallery-item'>\n\t\t\t<div class='gallery-icon landscape'>\n\t\t\t\t<a data-elementor-open-lightbox=\"yes\" data-elementor-lightbox-slideshow=\"d4108f1\" data-e-action-hash=\"#elementor-action%3Aaction%3Dlightbox%26settings%3DeyJpZCI6NDUwNywidXJsIjoiaHR0cHM6XC9cL251LnByYWt0aWN1bS5maVwvbnUyNlwvd3AtY29udGVudFwvdXBsb2Fkc1wvMjAyNVwvMTJcL0ZJXzAzX3ByYWt0aWN1bV9qb25hc19Pc3RlcmJlcmctc2NhbGVkLmpwZyIsInNsaWRlc2hvdyI6ImQ0MTA4ZjEifQ%3D%3D\" href='https:\/\/nu.prakticum.fi\/nu26\/wp-content\/uploads\/2025\/12\/FI_03_prakticum_jonas_Osterberg-scaled.jpg'><img decoding=\"async\" width=\"911\" height=\"608\" src=\"https:\/\/nu.prakticum.fi\/nu26\/wp-content\/uploads\/2025\/12\/FI_03_prakticum_jonas_Osterberg-1024x683.jpg\" class=\"attachment-large size-large\" alt=\"\" srcset=\"https:\/\/nu.prakticum.fi\/nu26\/wp-content\/uploads\/2025\/12\/FI_03_prakticum_jonas_Osterberg-1024x683.jpg 1024w, https:\/\/nu.prakticum.fi\/nu26\/wp-content\/uploads\/2025\/12\/FI_03_prakticum_jonas_Osterberg-300x200.jpg 300w, https:\/\/nu.prakticum.fi\/nu26\/wp-content\/uploads\/2025\/12\/FI_03_prakticum_jonas_Osterberg-768x512.jpg 768w, https:\/\/nu.prakticum.fi\/nu26\/wp-content\/uploads\/2025\/12\/FI_03_prakticum_jonas_Osterberg-1536x1024.jpg 1536w, https:\/\/nu.prakticum.fi\/nu26\/wp-content\/uploads\/2025\/12\/FI_03_prakticum_jonas_Osterberg-2048x1365.jpg 2048w\" sizes=\"(max-width: 911px) 100vw, 911px\" \/><\/a>\n\t\t\t<\/div><\/figure>\n\t\t<\/div>\n\t\t<\/div>\n\t\t\t\t\t\t<\/div>\n\t\t\t\t<\/div>\n\t\t\t\t\t<\/div>\n\t\t<\/div>\n\t\t\t\t\t<\/div>\n\t\t<\/section>\n\t\t\t\t<\/div>\n\t\t","protected":false},"excerpt":{"rendered":"<p>Back to homepage Jonas \u00d6sterberg My name is Jonas \u00d6sterberg, and I come from Sibbo, Finland, where I study Media and Art. Since elementary school I have been fascinated by the universe. I began by observing the night sky with a telescope, and soon photography became a natural extension of that curiosity. To me, borders [&hellip;]<\/p>\n","protected":false},"author":2,"featured_media":0,"parent":0,"menu_order":0,"comment_status":"closed","ping_status":"closed","template":"","meta":{"site-sidebar-layout":"no-sidebar","site-content-layout":"page-builder","ast-site-content-layout":"full-width-container","site-content-style":"default","site-sidebar-style":"default","ast-global-header-display":"","ast-banner-title-visibility":"","ast-main-header-display":"","ast-hfb-above-header-display":"","ast-hfb-below-header-display":"","ast-hfb-mobile-header-display":"","site-post-title":"disabled","ast-breadcrumbs-content":"","ast-featured-img":"disabled","footer-sml-layout":"","theme-transparent-header-meta":"","adv-header-id-meta":"","stick-header-meta":"","header-above-stick-meta":"","header-main-stick-meta":"","header-below-stick-meta":"","astra-migrate-meta-layouts":"set","ast-page-background-enabled":"default","ast-page-background-meta":{"desktop":{"background-color":"","background-image":"","background-repeat":"repeat","background-position":"center center","background-size":"auto","background-attachment":"scroll","background-type":"","background-media":"","overlay-type":"","overlay-color":"","overlay-opacity":"","overlay-gradient":""},"tablet":{"background-color":"","background-image":"","background-repeat":"repeat","background-position":"center center","background-size":"auto","background-attachment":"scroll","background-type":"","background-media":"","overlay-type":"","overlay-color":"","overlay-opacity":"","overlay-gradient":""},"mobile":{"background-color":"","background-image":"","background-repeat":"repeat","background-position":"center center","background-size":"auto","background-attachment":"scroll","background-type":"","background-media":"","overlay-type":"","overlay-color":"","overlay-opacity":"","overlay-gradient":""}},"ast-content-background-meta":{"desktop":{"background-color":"var(--ast-global-color-5)","background-image":"","background-repeat":"repeat","background-position":"center center","background-size":"auto","background-attachment":"scroll","background-type":"","background-media":"","overlay-type":"","overlay-color":"","overlay-opacity":"","overlay-gradient":""},"tablet":{"background-color":"var(--ast-global-color-5)","background-image":"","background-repeat":"repeat","background-position":"center center","background-size":"auto","background-attachment":"scroll","background-type":"","background-media":"","overlay-type":"","overlay-color":"","overlay-opacity":"","overlay-gradient":""},"mobile":{"background-color":"var(--ast-global-color-5)","background-image":"","background-repeat":"repeat","background-position":"center center","background-size":"auto","background-attachment":"scroll","background-type":"","background-media":"","overlay-type":"","overlay-color":"","overlay-opacity":"","overlay-gradient":""}},"footnotes":""},"class_list":["post-4503","page","type-page","status-publish","hentry"],"yoast_head":"<!-- This site is optimized with the Yoast SEO plugin v26.4 - https:\/\/yoast.com\/wordpress\/plugins\/seo\/ -->\n<title>Jonas \u00d6sterberg - NU26<\/title>\n<meta name=\"robots\" content=\"index, follow, max-snippet:-1, max-image-preview:large, max-video-preview:-1\" \/>\n<link rel=\"canonical\" href=\"https:\/\/nu.prakticum.fi\/nu26\/jonas-osterberg\/\" \/>\n<meta property=\"og:locale\" content=\"en_US\" \/>\n<meta property=\"og:type\" content=\"article\" \/>\n<meta property=\"og:title\" content=\"Jonas \u00d6sterberg - NU26\" \/>\n<meta property=\"og:description\" content=\"Back to homepage Jonas \u00d6sterberg My name is Jonas \u00d6sterberg, and I come from Sibbo, Finland, where I study Media and Art. Since elementary school I have been fascinated by the universe. I began by observing the night sky with a telescope, and soon photography became a natural extension of that curiosity. To me, borders [&hellip;]\" \/>\n<meta property=\"og:url\" content=\"https:\/\/nu.prakticum.fi\/nu26\/jonas-osterberg\/\" \/>\n<meta property=\"og:site_name\" content=\"NU26\" \/>\n<meta property=\"article:modified_time\" content=\"2025-12-22T13:00:31+00:00\" \/>\n<meta property=\"og:image\" content=\"https:\/\/nu.prakticum.fi\/nu26\/wp-content\/uploads\/2025\/12\/FI_01_prakticum_jonas_Osterberg-1024x683.jpg\" \/>\n<meta name=\"twitter:card\" content=\"summary_large_image\" \/>\n<meta name=\"twitter:label1\" content=\"Est. reading time\" \/>\n\t<meta name=\"twitter:data1\" content=\"2 minutes\" \/>\n<script type=\"application\/ld+json\" class=\"yoast-schema-graph\">{\"@context\":\"https:\/\/schema.org\",\"@graph\":[{\"@type\":\"WebPage\",\"@id\":\"https:\/\/nu.prakticum.fi\/nu26\/jonas-osterberg\/\",\"url\":\"https:\/\/nu.prakticum.fi\/nu26\/jonas-osterberg\/\",\"name\":\"Jonas \u00d6sterberg - NU26\",\"isPartOf\":{\"@id\":\"https:\/\/nu.prakticum.fi\/nu26\/#website\"},\"primaryImageOfPage\":{\"@id\":\"https:\/\/nu.prakticum.fi\/nu26\/jonas-osterberg\/#primaryimage\"},\"image\":{\"@id\":\"https:\/\/nu.prakticum.fi\/nu26\/jonas-osterberg\/#primaryimage\"},\"thumbnailUrl\":\"https:\/\/nu.prakticum.fi\/nu26\/wp-content\/uploads\/2025\/12\/FI_01_prakticum_jonas_Osterberg-1024x683.jpg\",\"datePublished\":\"2025-12-22T12:57:25+00:00\",\"dateModified\":\"2025-12-22T13:00:31+00:00\",\"breadcrumb\":{\"@id\":\"https:\/\/nu.prakticum.fi\/nu26\/jonas-osterberg\/#breadcrumb\"},\"inLanguage\":\"en-US\",\"potentialAction\":[{\"@type\":\"ReadAction\",\"target\":[\"https:\/\/nu.prakticum.fi\/nu26\/jonas-osterberg\/\"]}]},{\"@type\":\"ImageObject\",\"inLanguage\":\"en-US\",\"@id\":\"https:\/\/nu.prakticum.fi\/nu26\/jonas-osterberg\/#primaryimage\",\"url\":\"https:\/\/nu.prakticum.fi\/nu26\/wp-content\/uploads\/2025\/12\/FI_01_prakticum_jonas_Osterberg.jpg\",\"contentUrl\":\"https:\/\/nu.prakticum.fi\/nu26\/wp-content\/uploads\/2025\/12\/FI_01_prakticum_jonas_Osterberg.jpg\",\"width\":2048,\"height\":1365},{\"@type\":\"BreadcrumbList\",\"@id\":\"https:\/\/nu.prakticum.fi\/nu26\/jonas-osterberg\/#breadcrumb\",\"itemListElement\":[{\"@type\":\"ListItem\",\"position\":1,\"name\":\"Home\",\"item\":\"https:\/\/nu.prakticum.fi\/nu26\/\"},{\"@type\":\"ListItem\",\"position\":2,\"name\":\"Jonas \u00d6sterberg\"}]},{\"@type\":\"WebSite\",\"@id\":\"https:\/\/nu.prakticum.fi\/nu26\/#website\",\"url\":\"https:\/\/nu.prakticum.fi\/nu26\/\",\"name\":\"NU26\",\"description\":\"To Belong\",\"potentialAction\":[{\"@type\":\"SearchAction\",\"target\":{\"@type\":\"EntryPoint\",\"urlTemplate\":\"https:\/\/nu.prakticum.fi\/nu26\/?s={search_term_string}\"},\"query-input\":{\"@type\":\"PropertyValueSpecification\",\"valueRequired\":true,\"valueName\":\"search_term_string\"}}],\"inLanguage\":\"en-US\"}]}<\/script>\n<!-- \/ Yoast SEO plugin. -->","yoast_head_json":{"title":"Jonas \u00d6sterberg - NU26","robots":{"index":"index","follow":"follow","max-snippet":"max-snippet:-1","max-image-preview":"max-image-preview:large","max-video-preview":"max-video-preview:-1"},"canonical":"https:\/\/nu.prakticum.fi\/nu26\/jonas-osterberg\/","og_locale":"en_US","og_type":"article","og_title":"Jonas \u00d6sterberg - NU26","og_description":"Back to homepage Jonas \u00d6sterberg My name is Jonas \u00d6sterberg, and I come from Sibbo, Finland, where I study Media and Art. Since elementary school I have been fascinated by the universe. I began by observing the night sky with a telescope, and soon photography became a natural extension of that curiosity. To me, borders [&hellip;]","og_url":"https:\/\/nu.prakticum.fi\/nu26\/jonas-osterberg\/","og_site_name":"NU26","article_modified_time":"2025-12-22T13:00:31+00:00","og_image":[{"url":"https:\/\/nu.prakticum.fi\/nu26\/wp-content\/uploads\/2025\/12\/FI_01_prakticum_jonas_Osterberg-1024x683.jpg","type":"","width":"","height":""}],"twitter_card":"summary_large_image","twitter_misc":{"Est. reading time":"2 minutes"},"schema":{"@context":"https:\/\/schema.org","@graph":[{"@type":"WebPage","@id":"https:\/\/nu.prakticum.fi\/nu26\/jonas-osterberg\/","url":"https:\/\/nu.prakticum.fi\/nu26\/jonas-osterberg\/","name":"Jonas \u00d6sterberg - NU26","isPartOf":{"@id":"https:\/\/nu.prakticum.fi\/nu26\/#website"},"primaryImageOfPage":{"@id":"https:\/\/nu.prakticum.fi\/nu26\/jonas-osterberg\/#primaryimage"},"image":{"@id":"https:\/\/nu.prakticum.fi\/nu26\/jonas-osterberg\/#primaryimage"},"thumbnailUrl":"https:\/\/nu.prakticum.fi\/nu26\/wp-content\/uploads\/2025\/12\/FI_01_prakticum_jonas_Osterberg-1024x683.jpg","datePublished":"2025-12-22T12:57:25+00:00","dateModified":"2025-12-22T13:00:31+00:00","breadcrumb":{"@id":"https:\/\/nu.prakticum.fi\/nu26\/jonas-osterberg\/#breadcrumb"},"inLanguage":"en-US","potentialAction":[{"@type":"ReadAction","target":["https:\/\/nu.prakticum.fi\/nu26\/jonas-osterberg\/"]}]},{"@type":"ImageObject","inLanguage":"en-US","@id":"https:\/\/nu.prakticum.fi\/nu26\/jonas-osterberg\/#primaryimage","url":"https:\/\/nu.prakticum.fi\/nu26\/wp-content\/uploads\/2025\/12\/FI_01_prakticum_jonas_Osterberg.jpg","contentUrl":"https:\/\/nu.prakticum.fi\/nu26\/wp-content\/uploads\/2025\/12\/FI_01_prakticum_jonas_Osterberg.jpg","width":2048,"height":1365},{"@type":"BreadcrumbList","@id":"https:\/\/nu.prakticum.fi\/nu26\/jonas-osterberg\/#breadcrumb","itemListElement":[{"@type":"ListItem","position":1,"name":"Home","item":"https:\/\/nu.prakticum.fi\/nu26\/"},{"@type":"ListItem","position":2,"name":"Jonas \u00d6sterberg"}]},{"@type":"WebSite","@id":"https:\/\/nu.prakticum.fi\/nu26\/#website","url":"https:\/\/nu.prakticum.fi\/nu26\/","name":"NU26","description":"To Belong","potentialAction":[{"@type":"SearchAction","target":{"@type":"EntryPoint","urlTemplate":"https:\/\/nu.prakticum.fi\/nu26\/?s={search_term_string}"},"query-input":{"@type":"PropertyValueSpecification","valueRequired":true,"valueName":"search_term_string"}}],"inLanguage":"en-US"}]}},"_links":{"self":[{"href":"https:\/\/nu.prakticum.fi\/nu26\/wp-json\/wp\/v2\/pages\/4503","targetHints":{"allow":["GET"]}}],"collection":[{"href":"https:\/\/nu.prakticum.fi\/nu26\/wp-json\/wp\/v2\/pages"}],"about":[{"href":"https:\/\/nu.prakticum.fi\/nu26\/wp-json\/wp\/v2\/types\/page"}],"author":[{"embeddable":true,"href":"https:\/\/nu.prakticum.fi\/nu26\/wp-json\/wp\/v2\/users\/2"}],"replies":[{"embeddable":true,"href":"https:\/\/nu.prakticum.fi\/nu26\/wp-json\/wp\/v2\/comments?post=4503"}],"version-history":[{"count":4,"href":"https:\/\/nu.prakticum.fi\/nu26\/wp-json\/wp\/v2\/pages\/4503\/revisions"}],"predecessor-version":[{"id":4511,"href":"https:\/\/nu.prakticum.fi\/nu26\/wp-json\/wp\/v2\/pages\/4503\/revisions\/4511"}],"wp:attachment":[{"href":"https:\/\/nu.prakticum.fi\/nu26\/wp-json\/wp\/v2\/media?parent=4503"}],"curies":[{"name":"wp","href":"https:\/\/api.w.org\/{rel}","templated":true}]}}