{"id":4485,"date":"2025-12-22T14:50:40","date_gmt":"2025-12-22T12:50:40","guid":{"rendered":"https:\/\/nu.prakticum.fi\/nu26\/?page_id=4485"},"modified":"2025-12-22T14:52:27","modified_gmt":"2025-12-22T12:52:27","slug":"heida-run-gudmundsdottir","status":"publish","type":"page","link":"https:\/\/nu.prakticum.fi\/nu26\/heida-run-gudmundsdottir\/","title":{"rendered":"Hei\u00f0a R\u00fan Gu\u00f0mundsd\u00f3ttir"},"content":{"rendered":"\t\t<div data-elementor-type=\"wp-page\" data-elementor-id=\"4485\" class=\"elementor elementor-4485\">\n\t\t\t\t\t\t<section class=\"elementor-section elementor-top-section elementor-element elementor-element-26437a17 elementor-section-boxed elementor-section-height-default elementor-section-height-default\" data-id=\"26437a17\" data-element_type=\"section\">\n\t\t\t\t\t\t<div class=\"elementor-container elementor-column-gap-default\">\n\t\t\t\t\t<div class=\"elementor-column elementor-col-50 elementor-top-column elementor-element elementor-element-6870f108\" data-id=\"6870f108\" data-element_type=\"column\" data-settings=\"{&quot;background_background&quot;:&quot;classic&quot;}\">\n\t\t\t<div class=\"elementor-widget-wrap elementor-element-populated\">\n\t\t\t\t\t<div class=\"elementor-background-overlay\"><\/div>\n\t\t\t\t\t\t<div class=\"elementor-element elementor-element-12ae7519 elementor-align-left elementor-widget elementor-widget-button\" data-id=\"12ae7519\" data-element_type=\"widget\" data-widget_type=\"button.default\">\n\t\t\t\t<div class=\"elementor-widget-container\">\n\t\t\t\t\t\t\t\t\t<div class=\"elementor-button-wrapper\">\n\t\t\t\t\t<a class=\"elementor-button elementor-button-link elementor-size-sm\" href=\"https:\/\/nu.prakticum.fi\/nu26\/\">\n\t\t\t\t\t\t<span class=\"elementor-button-content-wrapper\">\n\t\t\t\t\t\t\t\t\t<span class=\"elementor-button-text\">Back to homepage<\/span>\n\t\t\t\t\t<\/span>\n\t\t\t\t\t<\/a>\n\t\t\t\t<\/div>\n\t\t\t\t\t\t\t\t<\/div>\n\t\t\t\t<\/div>\n\t\t\t\t<div class=\"elementor-element elementor-element-3c1240c7 elementor-widget elementor-widget-spacer\" data-id=\"3c1240c7\" data-element_type=\"widget\" data-widget_type=\"spacer.default\">\n\t\t\t\t<div class=\"elementor-widget-container\">\n\t\t\t\t\t\t\t<div class=\"elementor-spacer\">\n\t\t\t<div class=\"elementor-spacer-inner\"><\/div>\n\t\t<\/div>\n\t\t\t\t\t\t<\/div>\n\t\t\t\t<\/div>\n\t\t\t\t<div class=\"elementor-element elementor-element-de06746 elementor-widget elementor-widget-heading\" data-id=\"de06746\" data-element_type=\"widget\" data-widget_type=\"heading.default\">\n\t\t\t\t<div class=\"elementor-widget-container\">\n\t\t\t\t\t<h2 class=\"elementor-heading-title elementor-size-default\">Hei\u00f0a R\u00fan Gu\u00f0mundsd\u00f3ttir<\/h2>\t\t\t\t<\/div>\n\t\t\t\t<\/div>\n\t\t\t\t<div class=\"elementor-element elementor-element-10f3edf6 elementor-widget elementor-widget-text-editor\" data-id=\"10f3edf6\" data-element_type=\"widget\" data-widget_type=\"text-editor.default\">\n\t\t\t\t<div class=\"elementor-widget-container\">\n\t\t\t\t\t\t\t\t\t<p><span style=\"font-weight: 400;\">My name is Hei\u00f0a R\u00fan Gu\u00f0mundsd\u00f3ttir and I have been interested in photography since I got my first film camera at the age of 12.\u00a0<\/span><\/p><p><span style=\"font-weight: 400;\">This project is about the mental limits that we place on ourselves.\u00a0 We all have limitations, but often our thoughts are not logical, so we tell ourselves that something is not possible. By changing our own thinking, great things can start to happen, and life changes in such a good way.\u00a0<\/span><\/p><p><span style=\"font-weight: 400;\">I wanted to interpret the project with this in mind, that our limitations are often illogical and that a small change can create great opportunities and free us from our own made-up boundaries. <\/span><\/p>\t\t\t\t\t\t\t\t<\/div>\n\t\t\t\t<\/div>\n\t\t\t\t<div class=\"elementor-element elementor-element-34f81480 elementor-widget elementor-widget-audio\" data-id=\"34f81480\" data-element_type=\"widget\" data-widget_type=\"audio.default\">\n\t\t\t\t<div class=\"elementor-widget-container\">\n\t\t\t\t\t\t\t\t<div class=\"elementor-soundcloud-wrapper\">\n\t\t\t\t<iframe width=\"911\" height=\"200\" frameborder=\"no\" src=\"https:\/\/w.soundcloud.com\/player\/?visual=false&#038;url=https%3A%2F%2Fapi.soundcloud.com%2Ftracks%2F2234278715&#038;show_artwork=false&#038;maxheight=1000&#038;maxwidth=911&#038;auto_play=false&#038;buying=false&#038;liking=false&#038;download=false&#038;sharing=false&#038;show_comments=false&#038;show_playcount=false&#038;show_user=false&#038;color=000000\"><\/iframe>\t\t\t<\/div>\n\t\t\t\t\t\t\t<\/div>\n\t\t\t\t<\/div>\n\t\t\t\t\t<\/div>\n\t\t<\/div>\n\t\t\t\t<div class=\"elementor-column elementor-col-50 elementor-top-column elementor-element elementor-element-4740b601\" data-id=\"4740b601\" data-element_type=\"column\">\n\t\t\t<div class=\"elementor-widget-wrap elementor-element-populated\">\n\t\t\t\t\t\t<div class=\"elementor-element elementor-element-7ca16a24 elementor-widget elementor-widget-spacer\" data-id=\"7ca16a24\" data-element_type=\"widget\" data-widget_type=\"spacer.default\">\n\t\t\t\t<div class=\"elementor-widget-container\">\n\t\t\t\t\t\t\t<div class=\"elementor-spacer\">\n\t\t\t<div class=\"elementor-spacer-inner\"><\/div>\n\t\t<\/div>\n\t\t\t\t\t\t<\/div>\n\t\t\t\t<\/div>\n\t\t\t\t<div class=\"elementor-element elementor-element-249990e7 gallery-spacing-custom elementor-widget elementor-widget-image-gallery\" data-id=\"249990e7\" data-element_type=\"widget\" data-widget_type=\"image-gallery.default\">\n\t\t\t\t<div class=\"elementor-widget-container\">\n\t\t\t\t\t\t\t<div class=\"elementor-image-gallery\">\n\t\t\t<div id='gallery-1' class='gallery galleryid-4485 gallery-columns-1 gallery-size-large'><figure class='gallery-item'>\n\t\t\t<div class='gallery-icon landscape'>\n\t\t\t\t<a data-elementor-open-lightbox=\"yes\" data-elementor-lightbox-slideshow=\"249990e7\" data-e-action-hash=\"#elementor-action%3Aaction%3Dlightbox%26settings%3DeyJpZCI6NDQ4OSwidXJsIjoiaHR0cHM6XC9cL251LnByYWt0aWN1bS5maVwvbnUyNlwvd3AtY29udGVudFwvdXBsb2Fkc1wvMjAyNVwvMTJcL1BSSU5ULi1JU18wMV9Uc2tvbGlfSGVpZGFSdW5HdWRtdW5kc2RvdHRpci1zY2FsZWQuanBnIiwic2xpZGVzaG93IjoiMjQ5OTkwZTcifQ%3D%3D\" href='https:\/\/nu.prakticum.fi\/nu26\/wp-content\/uploads\/2025\/12\/PRINT.-IS_01_Tskoli_HeidaRunGudmundsdottir-scaled.jpg'><img fetchpriority=\"high\" decoding=\"async\" width=\"911\" height=\"644\" src=\"https:\/\/nu.prakticum.fi\/nu26\/wp-content\/uploads\/2025\/12\/PRINT.-IS_01_Tskoli_HeidaRunGudmundsdottir-1024x724.jpg\" class=\"attachment-large size-large\" alt=\"\" srcset=\"https:\/\/nu.prakticum.fi\/nu26\/wp-content\/uploads\/2025\/12\/PRINT.-IS_01_Tskoli_HeidaRunGudmundsdottir-1024x724.jpg 1024w, https:\/\/nu.prakticum.fi\/nu26\/wp-content\/uploads\/2025\/12\/PRINT.-IS_01_Tskoli_HeidaRunGudmundsdottir-300x212.jpg 300w, https:\/\/nu.prakticum.fi\/nu26\/wp-content\/uploads\/2025\/12\/PRINT.-IS_01_Tskoli_HeidaRunGudmundsdottir-768x543.jpg 768w, https:\/\/nu.prakticum.fi\/nu26\/wp-content\/uploads\/2025\/12\/PRINT.-IS_01_Tskoli_HeidaRunGudmundsdottir-1536x1086.jpg 1536w, https:\/\/nu.prakticum.fi\/nu26\/wp-content\/uploads\/2025\/12\/PRINT.-IS_01_Tskoli_HeidaRunGudmundsdottir-2048x1448.jpg 2048w\" sizes=\"(max-width: 911px) 100vw, 911px\" \/><\/a>\n\t\t\t<\/div><\/figure><figure class='gallery-item'>\n\t\t\t<div class='gallery-icon landscape'>\n\t\t\t\t<a data-elementor-open-lightbox=\"yes\" data-elementor-lightbox-slideshow=\"249990e7\" data-e-action-hash=\"#elementor-action%3Aaction%3Dlightbox%26settings%3DeyJpZCI6NDQ4OCwidXJsIjoiaHR0cHM6XC9cL251LnByYWt0aWN1bS5maVwvbnUyNlwvd3AtY29udGVudFwvdXBsb2Fkc1wvMjAyNVwvMTJcL0lTXzAyX1Rza29saV9IZWlkYVJ1bkd1ZG11bmRzZG90dGlyLXNjYWxlZC5qcGciLCJzbGlkZXNob3ciOiIyNDk5OTBlNyJ9\" href='https:\/\/nu.prakticum.fi\/nu26\/wp-content\/uploads\/2025\/12\/IS_02_Tskoli_HeidaRunGudmundsdottir-scaled.jpg'><img decoding=\"async\" width=\"911\" height=\"644\" src=\"https:\/\/nu.prakticum.fi\/nu26\/wp-content\/uploads\/2025\/12\/IS_02_Tskoli_HeidaRunGudmundsdottir-1024x724.jpg\" class=\"attachment-large size-large\" alt=\"\" srcset=\"https:\/\/nu.prakticum.fi\/nu26\/wp-content\/uploads\/2025\/12\/IS_02_Tskoli_HeidaRunGudmundsdottir-1024x724.jpg 1024w, https:\/\/nu.prakticum.fi\/nu26\/wp-content\/uploads\/2025\/12\/IS_02_Tskoli_HeidaRunGudmundsdottir-300x212.jpg 300w, https:\/\/nu.prakticum.fi\/nu26\/wp-content\/uploads\/2025\/12\/IS_02_Tskoli_HeidaRunGudmundsdottir-768x543.jpg 768w, https:\/\/nu.prakticum.fi\/nu26\/wp-content\/uploads\/2025\/12\/IS_02_Tskoli_HeidaRunGudmundsdottir-1536x1086.jpg 1536w, https:\/\/nu.prakticum.fi\/nu26\/wp-content\/uploads\/2025\/12\/IS_02_Tskoli_HeidaRunGudmundsdottir-2048x1448.jpg 2048w\" sizes=\"(max-width: 911px) 100vw, 911px\" \/><\/a>\n\t\t\t<\/div><\/figure><figure class='gallery-item'>\n\t\t\t<div class='gallery-icon landscape'>\n\t\t\t\t<a data-elementor-open-lightbox=\"yes\" data-elementor-lightbox-slideshow=\"249990e7\" data-e-action-hash=\"#elementor-action%3Aaction%3Dlightbox%26settings%3DeyJpZCI6NDQ5MCwidXJsIjoiaHR0cHM6XC9cL251LnByYWt0aWN1bS5maVwvbnUyNlwvd3AtY29udGVudFwvdXBsb2Fkc1wvMjAyNVwvMTJcL0lTXzAzX1Rza29saV9IZWlkYVJ1bkd1ZG11bmRzZG90dGlyLXNjYWxlZC5qcGciLCJzbGlkZXNob3ciOiIyNDk5OTBlNyJ9\" href='https:\/\/nu.prakticum.fi\/nu26\/wp-content\/uploads\/2025\/12\/IS_03_Tskoli_HeidaRunGudmundsdottir-scaled.jpg'><img decoding=\"async\" width=\"911\" height=\"613\" src=\"https:\/\/nu.prakticum.fi\/nu26\/wp-content\/uploads\/2025\/12\/IS_03_Tskoli_HeidaRunGudmundsdottir-1024x689.jpg\" class=\"attachment-large size-large\" alt=\"\" srcset=\"https:\/\/nu.prakticum.fi\/nu26\/wp-content\/uploads\/2025\/12\/IS_03_Tskoli_HeidaRunGudmundsdottir-1024x689.jpg 1024w, https:\/\/nu.prakticum.fi\/nu26\/wp-content\/uploads\/2025\/12\/IS_03_Tskoli_HeidaRunGudmundsdottir-300x202.jpg 300w, https:\/\/nu.prakticum.fi\/nu26\/wp-content\/uploads\/2025\/12\/IS_03_Tskoli_HeidaRunGudmundsdottir-768x517.jpg 768w, https:\/\/nu.prakticum.fi\/nu26\/wp-content\/uploads\/2025\/12\/IS_03_Tskoli_HeidaRunGudmundsdottir-1536x1034.jpg 1536w, https:\/\/nu.prakticum.fi\/nu26\/wp-content\/uploads\/2025\/12\/IS_03_Tskoli_HeidaRunGudmundsdottir-2048x1379.jpg 2048w\" sizes=\"(max-width: 911px) 100vw, 911px\" \/><\/a>\n\t\t\t<\/div><\/figure>\n\t\t<\/div>\n\t\t<\/div>\n\t\t\t\t\t\t<\/div>\n\t\t\t\t<\/div>\n\t\t\t\t\t<\/div>\n\t\t<\/div>\n\t\t\t\t\t<\/div>\n\t\t<\/section>\n\t\t\t\t<\/div>\n\t\t","protected":false},"excerpt":{"rendered":"<p>Back to homepage Hei\u00f0a R\u00fan Gu\u00f0mundsd\u00f3ttir My name is Hei\u00f0a R\u00fan Gu\u00f0mundsd\u00f3ttir and I have been interested in photography since I got my first film camera at the age of 12.\u00a0 This project is about the mental limits that we place on ourselves.\u00a0 We all have limitations, but often our thoughts are not logical, so [&hellip;]<\/p>\n","protected":false},"author":2,"featured_media":0,"parent":0,"menu_order":0,"comment_status":"closed","ping_status":"closed","template":"","meta":{"site-sidebar-layout":"no-sidebar","site-content-layout":"page-builder","ast-site-content-layout":"full-width-container","site-content-style":"default","site-sidebar-style":"default","ast-global-header-display":"","ast-banner-title-visibility":"","ast-main-header-display":"","ast-hfb-above-header-display":"","ast-hfb-below-header-display":"","ast-hfb-mobile-header-display":"","site-post-title":"disabled","ast-breadcrumbs-content":"","ast-featured-img":"disabled","footer-sml-layout":"","theme-transparent-header-meta":"","adv-header-id-meta":"","stick-header-meta":"","header-above-stick-meta":"","header-main-stick-meta":"","header-below-stick-meta":"","astra-migrate-meta-layouts":"set","ast-page-background-enabled":"default","ast-page-background-meta":{"desktop":{"background-color":"","background-image":"","background-repeat":"repeat","background-position":"center center","background-size":"auto","background-attachment":"scroll","background-type":"","background-media":"","overlay-type":"","overlay-color":"","overlay-opacity":"","overlay-gradient":""},"tablet":{"background-color":"","background-image":"","background-repeat":"repeat","background-position":"center center","background-size":"auto","background-attachment":"scroll","background-type":"","background-media":"","overlay-type":"","overlay-color":"","overlay-opacity":"","overlay-gradient":""},"mobile":{"background-color":"","background-image":"","background-repeat":"repeat","background-position":"center center","background-size":"auto","background-attachment":"scroll","background-type":"","background-media":"","overlay-type":"","overlay-color":"","overlay-opacity":"","overlay-gradient":""}},"ast-content-background-meta":{"desktop":{"background-color":"var(--ast-global-color-5)","background-image":"","background-repeat":"repeat","background-position":"center center","background-size":"auto","background-attachment":"scroll","background-type":"","background-media":"","overlay-type":"","overlay-color":"","overlay-opacity":"","overlay-gradient":""},"tablet":{"background-color":"var(--ast-global-color-5)","background-image":"","background-repeat":"repeat","background-position":"center center","background-size":"auto","background-attachment":"scroll","background-type":"","background-media":"","overlay-type":"","overlay-color":"","overlay-opacity":"","overlay-gradient":""},"mobile":{"background-color":"var(--ast-global-color-5)","background-image":"","background-repeat":"repeat","background-position":"center center","background-size":"auto","background-attachment":"scroll","background-type":"","background-media":"","overlay-type":"","overlay-color":"","overlay-opacity":"","overlay-gradient":""}},"footnotes":""},"class_list":["post-4485","page","type-page","status-publish","hentry"],"yoast_head":"<!-- This site is optimized with the Yoast SEO plugin v26.4 - https:\/\/yoast.com\/wordpress\/plugins\/seo\/ -->\n<title>Hei\u00f0a R\u00fan Gu\u00f0mundsd\u00f3ttir - NU26<\/title>\n<meta name=\"robots\" content=\"index, follow, max-snippet:-1, max-image-preview:large, max-video-preview:-1\" \/>\n<link rel=\"canonical\" href=\"https:\/\/nu.prakticum.fi\/nu26\/heida-run-gudmundsdottir\/\" \/>\n<meta property=\"og:locale\" content=\"en_US\" \/>\n<meta property=\"og:type\" content=\"article\" \/>\n<meta property=\"og:title\" content=\"Hei\u00f0a R\u00fan Gu\u00f0mundsd\u00f3ttir - NU26\" \/>\n<meta property=\"og:description\" content=\"Back to homepage Hei\u00f0a R\u00fan Gu\u00f0mundsd\u00f3ttir My name is Hei\u00f0a R\u00fan Gu\u00f0mundsd\u00f3ttir and I have been interested in photography since I got my first film camera at the age of 12.\u00a0 This project is about the mental limits that we place on ourselves.\u00a0 We all have limitations, but often our thoughts are not logical, so [&hellip;]\" \/>\n<meta property=\"og:url\" content=\"https:\/\/nu.prakticum.fi\/nu26\/heida-run-gudmundsdottir\/\" \/>\n<meta property=\"og:site_name\" content=\"NU26\" \/>\n<meta property=\"article:modified_time\" content=\"2025-12-22T12:52:27+00:00\" \/>\n<meta property=\"og:image\" content=\"https:\/\/nu.prakticum.fi\/nu26\/wp-content\/uploads\/2025\/12\/PRINT.-IS_01_Tskoli_HeidaRunGudmundsdottir-1024x724.jpg\" \/>\n<meta name=\"twitter:card\" content=\"summary_large_image\" \/>\n<meta name=\"twitter:label1\" content=\"Est. reading time\" \/>\n\t<meta name=\"twitter:data1\" content=\"2 minutes\" \/>\n<script type=\"application\/ld+json\" class=\"yoast-schema-graph\">{\"@context\":\"https:\/\/schema.org\",\"@graph\":[{\"@type\":\"WebPage\",\"@id\":\"https:\/\/nu.prakticum.fi\/nu26\/heida-run-gudmundsdottir\/\",\"url\":\"https:\/\/nu.prakticum.fi\/nu26\/heida-run-gudmundsdottir\/\",\"name\":\"Hei\u00f0a R\u00fan Gu\u00f0mundsd\u00f3ttir - NU26\",\"isPartOf\":{\"@id\":\"https:\/\/nu.prakticum.fi\/nu26\/#website\"},\"primaryImageOfPage\":{\"@id\":\"https:\/\/nu.prakticum.fi\/nu26\/heida-run-gudmundsdottir\/#primaryimage\"},\"image\":{\"@id\":\"https:\/\/nu.prakticum.fi\/nu26\/heida-run-gudmundsdottir\/#primaryimage\"},\"thumbnailUrl\":\"https:\/\/nu.prakticum.fi\/nu26\/wp-content\/uploads\/2025\/12\/PRINT.-IS_01_Tskoli_HeidaRunGudmundsdottir-1024x724.jpg\",\"datePublished\":\"2025-12-22T12:50:40+00:00\",\"dateModified\":\"2025-12-22T12:52:27+00:00\",\"breadcrumb\":{\"@id\":\"https:\/\/nu.prakticum.fi\/nu26\/heida-run-gudmundsdottir\/#breadcrumb\"},\"inLanguage\":\"en-US\",\"potentialAction\":[{\"@type\":\"ReadAction\",\"target\":[\"https:\/\/nu.prakticum.fi\/nu26\/heida-run-gudmundsdottir\/\"]}]},{\"@type\":\"ImageObject\",\"inLanguage\":\"en-US\",\"@id\":\"https:\/\/nu.prakticum.fi\/nu26\/heida-run-gudmundsdottir\/#primaryimage\",\"url\":\"https:\/\/nu.prakticum.fi\/nu26\/wp-content\/uploads\/2025\/12\/PRINT.-IS_01_Tskoli_HeidaRunGudmundsdottir-scaled.jpg\",\"contentUrl\":\"https:\/\/nu.prakticum.fi\/nu26\/wp-content\/uploads\/2025\/12\/PRINT.-IS_01_Tskoli_HeidaRunGudmundsdottir-scaled.jpg\",\"width\":2560,\"height\":1810},{\"@type\":\"BreadcrumbList\",\"@id\":\"https:\/\/nu.prakticum.fi\/nu26\/heida-run-gudmundsdottir\/#breadcrumb\",\"itemListElement\":[{\"@type\":\"ListItem\",\"position\":1,\"name\":\"Home\",\"item\":\"https:\/\/nu.prakticum.fi\/nu26\/\"},{\"@type\":\"ListItem\",\"position\":2,\"name\":\"Hei\u00f0a R\u00fan Gu\u00f0mundsd\u00f3ttir\"}]},{\"@type\":\"WebSite\",\"@id\":\"https:\/\/nu.prakticum.fi\/nu26\/#website\",\"url\":\"https:\/\/nu.prakticum.fi\/nu26\/\",\"name\":\"NU26\",\"description\":\"To Belong\",\"potentialAction\":[{\"@type\":\"SearchAction\",\"target\":{\"@type\":\"EntryPoint\",\"urlTemplate\":\"https:\/\/nu.prakticum.fi\/nu26\/?s={search_term_string}\"},\"query-input\":{\"@type\":\"PropertyValueSpecification\",\"valueRequired\":true,\"valueName\":\"search_term_string\"}}],\"inLanguage\":\"en-US\"}]}<\/script>\n<!-- \/ Yoast SEO plugin. -->","yoast_head_json":{"title":"Hei\u00f0a R\u00fan Gu\u00f0mundsd\u00f3ttir - NU26","robots":{"index":"index","follow":"follow","max-snippet":"max-snippet:-1","max-image-preview":"max-image-preview:large","max-video-preview":"max-video-preview:-1"},"canonical":"https:\/\/nu.prakticum.fi\/nu26\/heida-run-gudmundsdottir\/","og_locale":"en_US","og_type":"article","og_title":"Hei\u00f0a R\u00fan Gu\u00f0mundsd\u00f3ttir - NU26","og_description":"Back to homepage Hei\u00f0a R\u00fan Gu\u00f0mundsd\u00f3ttir My name is Hei\u00f0a R\u00fan Gu\u00f0mundsd\u00f3ttir and I have been interested in photography since I got my first film camera at the age of 12.\u00a0 This project is about the mental limits that we place on ourselves.\u00a0 We all have limitations, but often our thoughts are not logical, so [&hellip;]","og_url":"https:\/\/nu.prakticum.fi\/nu26\/heida-run-gudmundsdottir\/","og_site_name":"NU26","article_modified_time":"2025-12-22T12:52:27+00:00","og_image":[{"url":"https:\/\/nu.prakticum.fi\/nu26\/wp-content\/uploads\/2025\/12\/PRINT.-IS_01_Tskoli_HeidaRunGudmundsdottir-1024x724.jpg","type":"","width":"","height":""}],"twitter_card":"summary_large_image","twitter_misc":{"Est. reading time":"2 minutes"},"schema":{"@context":"https:\/\/schema.org","@graph":[{"@type":"WebPage","@id":"https:\/\/nu.prakticum.fi\/nu26\/heida-run-gudmundsdottir\/","url":"https:\/\/nu.prakticum.fi\/nu26\/heida-run-gudmundsdottir\/","name":"Hei\u00f0a R\u00fan Gu\u00f0mundsd\u00f3ttir - NU26","isPartOf":{"@id":"https:\/\/nu.prakticum.fi\/nu26\/#website"},"primaryImageOfPage":{"@id":"https:\/\/nu.prakticum.fi\/nu26\/heida-run-gudmundsdottir\/#primaryimage"},"image":{"@id":"https:\/\/nu.prakticum.fi\/nu26\/heida-run-gudmundsdottir\/#primaryimage"},"thumbnailUrl":"https:\/\/nu.prakticum.fi\/nu26\/wp-content\/uploads\/2025\/12\/PRINT.-IS_01_Tskoli_HeidaRunGudmundsdottir-1024x724.jpg","datePublished":"2025-12-22T12:50:40+00:00","dateModified":"2025-12-22T12:52:27+00:00","breadcrumb":{"@id":"https:\/\/nu.prakticum.fi\/nu26\/heida-run-gudmundsdottir\/#breadcrumb"},"inLanguage":"en-US","potentialAction":[{"@type":"ReadAction","target":["https:\/\/nu.prakticum.fi\/nu26\/heida-run-gudmundsdottir\/"]}]},{"@type":"ImageObject","inLanguage":"en-US","@id":"https:\/\/nu.prakticum.fi\/nu26\/heida-run-gudmundsdottir\/#primaryimage","url":"https:\/\/nu.prakticum.fi\/nu26\/wp-content\/uploads\/2025\/12\/PRINT.-IS_01_Tskoli_HeidaRunGudmundsdottir-scaled.jpg","contentUrl":"https:\/\/nu.prakticum.fi\/nu26\/wp-content\/uploads\/2025\/12\/PRINT.-IS_01_Tskoli_HeidaRunGudmundsdottir-scaled.jpg","width":2560,"height":1810},{"@type":"BreadcrumbList","@id":"https:\/\/nu.prakticum.fi\/nu26\/heida-run-gudmundsdottir\/#breadcrumb","itemListElement":[{"@type":"ListItem","position":1,"name":"Home","item":"https:\/\/nu.prakticum.fi\/nu26\/"},{"@type":"ListItem","position":2,"name":"Hei\u00f0a R\u00fan Gu\u00f0mundsd\u00f3ttir"}]},{"@type":"WebSite","@id":"https:\/\/nu.prakticum.fi\/nu26\/#website","url":"https:\/\/nu.prakticum.fi\/nu26\/","name":"NU26","description":"To Belong","potentialAction":[{"@type":"SearchAction","target":{"@type":"EntryPoint","urlTemplate":"https:\/\/nu.prakticum.fi\/nu26\/?s={search_term_string}"},"query-input":{"@type":"PropertyValueSpecification","valueRequired":true,"valueName":"search_term_string"}}],"inLanguage":"en-US"}]}},"_links":{"self":[{"href":"https:\/\/nu.prakticum.fi\/nu26\/wp-json\/wp\/v2\/pages\/4485","targetHints":{"allow":["GET"]}}],"collection":[{"href":"https:\/\/nu.prakticum.fi\/nu26\/wp-json\/wp\/v2\/pages"}],"about":[{"href":"https:\/\/nu.prakticum.fi\/nu26\/wp-json\/wp\/v2\/types\/page"}],"author":[{"embeddable":true,"href":"https:\/\/nu.prakticum.fi\/nu26\/wp-json\/wp\/v2\/users\/2"}],"replies":[{"embeddable":true,"href":"https:\/\/nu.prakticum.fi\/nu26\/wp-json\/wp\/v2\/comments?post=4485"}],"version-history":[{"count":4,"href":"https:\/\/nu.prakticum.fi\/nu26\/wp-json\/wp\/v2\/pages\/4485\/revisions"}],"predecessor-version":[{"id":4493,"href":"https:\/\/nu.prakticum.fi\/nu26\/wp-json\/wp\/v2\/pages\/4485\/revisions\/4493"}],"wp:attachment":[{"href":"https:\/\/nu.prakticum.fi\/nu26\/wp-json\/wp\/v2\/media?parent=4485"}],"curies":[{"name":"wp","href":"https:\/\/api.w.org\/{rel}","templated":true}]}}