{"id":4447,"date":"2025-12-22T14:37:49","date_gmt":"2025-12-22T12:37:49","guid":{"rendered":"https:\/\/nu.prakticum.fi\/nu26\/?page_id=4447"},"modified":"2025-12-22T14:39:37","modified_gmt":"2025-12-22T12:39:37","slug":"raiana-pastarello","status":"publish","type":"page","link":"https:\/\/nu.prakticum.fi\/nu26\/raiana-pastarello\/","title":{"rendered":"Raiana Pastarello"},"content":{"rendered":"\t\t<div data-elementor-type=\"wp-page\" data-elementor-id=\"4447\" class=\"elementor elementor-4447\">\n\t\t\t\t\t\t<section class=\"elementor-section elementor-top-section elementor-element elementor-element-74d53e74 elementor-section-boxed elementor-section-height-default elementor-section-height-default\" data-id=\"74d53e74\" data-element_type=\"section\">\n\t\t\t\t\t\t<div class=\"elementor-container elementor-column-gap-default\">\n\t\t\t\t\t<div class=\"elementor-column elementor-col-50 elementor-top-column elementor-element elementor-element-19c317a5\" data-id=\"19c317a5\" data-element_type=\"column\" data-settings=\"{&quot;background_background&quot;:&quot;classic&quot;}\">\n\t\t\t<div class=\"elementor-widget-wrap elementor-element-populated\">\n\t\t\t\t\t<div class=\"elementor-background-overlay\"><\/div>\n\t\t\t\t\t\t<div class=\"elementor-element elementor-element-6bdb42ca elementor-align-left elementor-widget elementor-widget-button\" data-id=\"6bdb42ca\" data-element_type=\"widget\" data-widget_type=\"button.default\">\n\t\t\t\t<div class=\"elementor-widget-container\">\n\t\t\t\t\t\t\t\t\t<div class=\"elementor-button-wrapper\">\n\t\t\t\t\t<a class=\"elementor-button elementor-button-link elementor-size-sm\" href=\"https:\/\/nu.prakticum.fi\/nu26\/\">\n\t\t\t\t\t\t<span class=\"elementor-button-content-wrapper\">\n\t\t\t\t\t\t\t\t\t<span class=\"elementor-button-text\">Back to homepage<\/span>\n\t\t\t\t\t<\/span>\n\t\t\t\t\t<\/a>\n\t\t\t\t<\/div>\n\t\t\t\t\t\t\t\t<\/div>\n\t\t\t\t<\/div>\n\t\t\t\t<div class=\"elementor-element elementor-element-2ff01a76 elementor-widget elementor-widget-spacer\" data-id=\"2ff01a76\" data-element_type=\"widget\" data-widget_type=\"spacer.default\">\n\t\t\t\t<div class=\"elementor-widget-container\">\n\t\t\t\t\t\t\t<div class=\"elementor-spacer\">\n\t\t\t<div class=\"elementor-spacer-inner\"><\/div>\n\t\t<\/div>\n\t\t\t\t\t\t<\/div>\n\t\t\t\t<\/div>\n\t\t\t\t<div class=\"elementor-element elementor-element-60f4ed21 elementor-widget elementor-widget-heading\" data-id=\"60f4ed21\" data-element_type=\"widget\" data-widget_type=\"heading.default\">\n\t\t\t\t<div class=\"elementor-widget-container\">\n\t\t\t\t\t<h2 class=\"elementor-heading-title elementor-size-default\">Raiana Pastarello<\/h2>\t\t\t\t<\/div>\n\t\t\t\t<\/div>\n\t\t\t\t<div class=\"elementor-element elementor-element-17a64977 elementor-widget elementor-widget-text-editor\" data-id=\"17a64977\" data-element_type=\"widget\" data-widget_type=\"text-editor.default\">\n\t\t\t\t<div class=\"elementor-widget-container\">\n\t\t\t\t\t\t\t\t\t<p><span style=\"font-weight: 400;\">I\u2019ve always liked to draw, I believe we are made to create and should appreciate all forms of art. With photography I\u2019m able to create but with my eyes, with things in front of me, and I think that\u2019s beautiful. My intent with this photo series was to depict the biggest border there is: the one between life and death. \u201cT\u00e4nk p\u00e5 d\u00f6den\u201d, think of death, and with my pictures, I tried to convey acceptance towards it.<\/span><\/p>\t\t\t\t\t\t\t\t<\/div>\n\t\t\t\t<\/div>\n\t\t\t\t<div class=\"elementor-element elementor-element-7a399735 elementor-widget elementor-widget-audio\" data-id=\"7a399735\" data-element_type=\"widget\" data-widget_type=\"audio.default\">\n\t\t\t\t<div class=\"elementor-widget-container\">\n\t\t\t\t\t\t\t\t<div class=\"elementor-soundcloud-wrapper\">\n\t\t\t\t<iframe width=\"911\" height=\"200\" frameborder=\"no\" src=\"https:\/\/w.soundcloud.com\/player\/?visual=false&#038;url=https%3A%2F%2Fapi.soundcloud.com%2Ftracks%2F2234253911&#038;show_artwork=false&#038;maxheight=1000&#038;maxwidth=911&#038;auto_play=false&#038;buying=false&#038;liking=false&#038;download=false&#038;sharing=false&#038;show_comments=false&#038;show_playcount=false&#038;show_user=false&#038;color=000000\"><\/iframe>\t\t\t<\/div>\n\t\t\t\t\t\t\t<\/div>\n\t\t\t\t<\/div>\n\t\t\t\t\t<\/div>\n\t\t<\/div>\n\t\t\t\t<div class=\"elementor-column elementor-col-50 elementor-top-column elementor-element elementor-element-75e85962\" data-id=\"75e85962\" data-element_type=\"column\">\n\t\t\t<div class=\"elementor-widget-wrap elementor-element-populated\">\n\t\t\t\t\t\t<div class=\"elementor-element elementor-element-7d749f98 elementor-widget elementor-widget-spacer\" data-id=\"7d749f98\" data-element_type=\"widget\" data-widget_type=\"spacer.default\">\n\t\t\t\t<div class=\"elementor-widget-container\">\n\t\t\t\t\t\t\t<div class=\"elementor-spacer\">\n\t\t\t<div class=\"elementor-spacer-inner\"><\/div>\n\t\t<\/div>\n\t\t\t\t\t\t<\/div>\n\t\t\t\t<\/div>\n\t\t\t\t<div class=\"elementor-element elementor-element-74d387b7 gallery-spacing-custom elementor-widget elementor-widget-image-gallery\" data-id=\"74d387b7\" data-element_type=\"widget\" data-widget_type=\"image-gallery.default\">\n\t\t\t\t<div class=\"elementor-widget-container\">\n\t\t\t\t\t\t\t<div class=\"elementor-image-gallery\">\n\t\t\t<div id='gallery-1' class='gallery galleryid-4447 gallery-columns-1 gallery-size-large'><figure class='gallery-item'>\n\t\t\t<div class='gallery-icon landscape'>\n\t\t\t\t<a data-elementor-open-lightbox=\"yes\" data-elementor-lightbox-slideshow=\"74d387b7\" data-e-action-hash=\"#elementor-action%3Aaction%3Dlightbox%26settings%3DeyJpZCI6NDQ1MiwidXJsIjoiaHR0cHM6XC9cL251LnByYWt0aWN1bS5maVwvbnUyNlwvd3AtY29udGVudFwvdXBsb2Fkc1wvMjAyNVwvMTJcL1NXRV8wMV9MQlNfUmFpYW5hUGFzdG9yZWxsby5qcGciLCJzbGlkZXNob3ciOiI3NGQzODdiNyJ9\" href='https:\/\/nu.prakticum.fi\/nu26\/wp-content\/uploads\/2025\/12\/SWE_01_LBS_RaianaPastorello.jpg'><img fetchpriority=\"high\" decoding=\"async\" width=\"911\" height=\"608\" src=\"https:\/\/nu.prakticum.fi\/nu26\/wp-content\/uploads\/2025\/12\/SWE_01_LBS_RaianaPastorello-1024x683.jpg\" class=\"attachment-large size-large\" alt=\"\" srcset=\"https:\/\/nu.prakticum.fi\/nu26\/wp-content\/uploads\/2025\/12\/SWE_01_LBS_RaianaPastorello-1024x683.jpg 1024w, https:\/\/nu.prakticum.fi\/nu26\/wp-content\/uploads\/2025\/12\/SWE_01_LBS_RaianaPastorello-300x200.jpg 300w, https:\/\/nu.prakticum.fi\/nu26\/wp-content\/uploads\/2025\/12\/SWE_01_LBS_RaianaPastorello-768x512.jpg 768w, https:\/\/nu.prakticum.fi\/nu26\/wp-content\/uploads\/2025\/12\/SWE_01_LBS_RaianaPastorello-1536x1024.jpg 1536w, https:\/\/nu.prakticum.fi\/nu26\/wp-content\/uploads\/2025\/12\/SWE_01_LBS_RaianaPastorello.jpg 2048w\" sizes=\"(max-width: 911px) 100vw, 911px\" \/><\/a>\n\t\t\t<\/div><\/figure><figure class='gallery-item'>\n\t\t\t<div class='gallery-icon landscape'>\n\t\t\t\t<a data-elementor-open-lightbox=\"yes\" data-elementor-lightbox-slideshow=\"74d387b7\" data-e-action-hash=\"#elementor-action%3Aaction%3Dlightbox%26settings%3DeyJpZCI6NDQ1MCwidXJsIjoiaHR0cHM6XC9cL251LnByYWt0aWN1bS5maVwvbnUyNlwvd3AtY29udGVudFwvdXBsb2Fkc1wvMjAyNVwvMTJcL1BSSU5UU1dFXzAyX0xCU19SYWlhbmFQYXN0b3JlbGxvLmpwZyIsInNsaWRlc2hvdyI6Ijc0ZDM4N2I3In0%3D\" href='https:\/\/nu.prakticum.fi\/nu26\/wp-content\/uploads\/2025\/12\/PRINTSWE_02_LBS_RaianaPastorello.jpg'><img decoding=\"async\" width=\"911\" height=\"608\" src=\"https:\/\/nu.prakticum.fi\/nu26\/wp-content\/uploads\/2025\/12\/PRINTSWE_02_LBS_RaianaPastorello-1024x683.jpg\" class=\"attachment-large size-large\" alt=\"\" srcset=\"https:\/\/nu.prakticum.fi\/nu26\/wp-content\/uploads\/2025\/12\/PRINTSWE_02_LBS_RaianaPastorello-1024x683.jpg 1024w, https:\/\/nu.prakticum.fi\/nu26\/wp-content\/uploads\/2025\/12\/PRINTSWE_02_LBS_RaianaPastorello-300x200.jpg 300w, https:\/\/nu.prakticum.fi\/nu26\/wp-content\/uploads\/2025\/12\/PRINTSWE_02_LBS_RaianaPastorello-768x512.jpg 768w, https:\/\/nu.prakticum.fi\/nu26\/wp-content\/uploads\/2025\/12\/PRINTSWE_02_LBS_RaianaPastorello-1536x1024.jpg 1536w, https:\/\/nu.prakticum.fi\/nu26\/wp-content\/uploads\/2025\/12\/PRINTSWE_02_LBS_RaianaPastorello.jpg 2048w\" sizes=\"(max-width: 911px) 100vw, 911px\" \/><\/a>\n\t\t\t<\/div><\/figure><figure class='gallery-item'>\n\t\t\t<div class='gallery-icon landscape'>\n\t\t\t\t<a data-elementor-open-lightbox=\"yes\" data-elementor-lightbox-slideshow=\"74d387b7\" data-e-action-hash=\"#elementor-action%3Aaction%3Dlightbox%26settings%3DeyJpZCI6NDQ1MSwidXJsIjoiaHR0cHM6XC9cL251LnByYWt0aWN1bS5maVwvbnUyNlwvd3AtY29udGVudFwvdXBsb2Fkc1wvMjAyNVwvMTJcL1NXRV8wM19MQlNfUmFpYW5hUGFzdG9yZWxsby5qcGciLCJzbGlkZXNob3ciOiI3NGQzODdiNyJ9\" href='https:\/\/nu.prakticum.fi\/nu26\/wp-content\/uploads\/2025\/12\/SWE_03_LBS_RaianaPastorello.jpg'><img decoding=\"async\" width=\"911\" height=\"608\" src=\"https:\/\/nu.prakticum.fi\/nu26\/wp-content\/uploads\/2025\/12\/SWE_03_LBS_RaianaPastorello-1024x683.jpg\" class=\"attachment-large size-large\" alt=\"\" srcset=\"https:\/\/nu.prakticum.fi\/nu26\/wp-content\/uploads\/2025\/12\/SWE_03_LBS_RaianaPastorello-1024x683.jpg 1024w, https:\/\/nu.prakticum.fi\/nu26\/wp-content\/uploads\/2025\/12\/SWE_03_LBS_RaianaPastorello-300x200.jpg 300w, https:\/\/nu.prakticum.fi\/nu26\/wp-content\/uploads\/2025\/12\/SWE_03_LBS_RaianaPastorello-768x512.jpg 768w, https:\/\/nu.prakticum.fi\/nu26\/wp-content\/uploads\/2025\/12\/SWE_03_LBS_RaianaPastorello-1536x1024.jpg 1536w, https:\/\/nu.prakticum.fi\/nu26\/wp-content\/uploads\/2025\/12\/SWE_03_LBS_RaianaPastorello.jpg 2048w\" sizes=\"(max-width: 911px) 100vw, 911px\" \/><\/a>\n\t\t\t<\/div><\/figure>\n\t\t<\/div>\n\t\t<\/div>\n\t\t\t\t\t\t<\/div>\n\t\t\t\t<\/div>\n\t\t\t\t\t<\/div>\n\t\t<\/div>\n\t\t\t\t\t<\/div>\n\t\t<\/section>\n\t\t\t\t<\/div>\n\t\t","protected":false},"excerpt":{"rendered":"<p>Back to homepage Raiana Pastarello I\u2019ve always liked to draw, I believe we are made to create and should appreciate all forms of art. With photography I\u2019m able to create but with my eyes, with things in front of me, and I think that\u2019s beautiful. My intent with this photo series was to depict the [&hellip;]<\/p>\n","protected":false},"author":2,"featured_media":0,"parent":0,"menu_order":0,"comment_status":"closed","ping_status":"closed","template":"","meta":{"site-sidebar-layout":"no-sidebar","site-content-layout":"page-builder","ast-site-content-layout":"full-width-container","site-content-style":"default","site-sidebar-style":"default","ast-global-header-display":"","ast-banner-title-visibility":"","ast-main-header-display":"","ast-hfb-above-header-display":"","ast-hfb-below-header-display":"","ast-hfb-mobile-header-display":"","site-post-title":"disabled","ast-breadcrumbs-content":"","ast-featured-img":"disabled","footer-sml-layout":"","theme-transparent-header-meta":"","adv-header-id-meta":"","stick-header-meta":"","header-above-stick-meta":"","header-main-stick-meta":"","header-below-stick-meta":"","astra-migrate-meta-layouts":"set","ast-page-background-enabled":"default","ast-page-background-meta":{"desktop":{"background-color":"","background-image":"","background-repeat":"repeat","background-position":"center center","background-size":"auto","background-attachment":"scroll","background-type":"","background-media":"","overlay-type":"","overlay-color":"","overlay-opacity":"","overlay-gradient":""},"tablet":{"background-color":"","background-image":"","background-repeat":"repeat","background-position":"center center","background-size":"auto","background-attachment":"scroll","background-type":"","background-media":"","overlay-type":"","overlay-color":"","overlay-opacity":"","overlay-gradient":""},"mobile":{"background-color":"","background-image":"","background-repeat":"repeat","background-position":"center center","background-size":"auto","background-attachment":"scroll","background-type":"","background-media":"","overlay-type":"","overlay-color":"","overlay-opacity":"","overlay-gradient":""}},"ast-content-background-meta":{"desktop":{"background-color":"var(--ast-global-color-5)","background-image":"","background-repeat":"repeat","background-position":"center center","background-size":"auto","background-attachment":"scroll","background-type":"","background-media":"","overlay-type":"","overlay-color":"","overlay-opacity":"","overlay-gradient":""},"tablet":{"background-color":"var(--ast-global-color-5)","background-image":"","background-repeat":"repeat","background-position":"center center","background-size":"auto","background-attachment":"scroll","background-type":"","background-media":"","overlay-type":"","overlay-color":"","overlay-opacity":"","overlay-gradient":""},"mobile":{"background-color":"var(--ast-global-color-5)","background-image":"","background-repeat":"repeat","background-position":"center center","background-size":"auto","background-attachment":"scroll","background-type":"","background-media":"","overlay-type":"","overlay-color":"","overlay-opacity":"","overlay-gradient":""}},"footnotes":""},"class_list":["post-4447","page","type-page","status-publish","hentry"],"yoast_head":"<!-- This site is optimized with the Yoast SEO plugin v26.4 - https:\/\/yoast.com\/wordpress\/plugins\/seo\/ -->\n<title>Raiana Pastarello - NU26<\/title>\n<meta name=\"robots\" content=\"index, follow, max-snippet:-1, max-image-preview:large, max-video-preview:-1\" \/>\n<link rel=\"canonical\" href=\"https:\/\/nu.prakticum.fi\/nu26\/raiana-pastarello\/\" \/>\n<meta property=\"og:locale\" content=\"en_US\" \/>\n<meta property=\"og:type\" content=\"article\" \/>\n<meta property=\"og:title\" content=\"Raiana Pastarello - NU26\" \/>\n<meta property=\"og:description\" content=\"Back to homepage Raiana Pastarello I\u2019ve always liked to draw, I believe we are made to create and should appreciate all forms of art. With photography I\u2019m able to create but with my eyes, with things in front of me, and I think that\u2019s beautiful. My intent with this photo series was to depict the [&hellip;]\" \/>\n<meta property=\"og:url\" content=\"https:\/\/nu.prakticum.fi\/nu26\/raiana-pastarello\/\" \/>\n<meta property=\"og:site_name\" content=\"NU26\" \/>\n<meta property=\"article:modified_time\" content=\"2025-12-22T12:39:37+00:00\" \/>\n<meta property=\"og:image\" content=\"https:\/\/nu.prakticum.fi\/nu26\/wp-content\/uploads\/2025\/12\/SWE_01_LBS_RaianaPastorello-1024x683.jpg\" \/>\n<meta name=\"twitter:card\" content=\"summary_large_image\" \/>\n<meta name=\"twitter:label1\" content=\"Est. reading time\" \/>\n\t<meta name=\"twitter:data1\" content=\"1 minute\" \/>\n<script type=\"application\/ld+json\" class=\"yoast-schema-graph\">{\"@context\":\"https:\/\/schema.org\",\"@graph\":[{\"@type\":\"WebPage\",\"@id\":\"https:\/\/nu.prakticum.fi\/nu26\/raiana-pastarello\/\",\"url\":\"https:\/\/nu.prakticum.fi\/nu26\/raiana-pastarello\/\",\"name\":\"Raiana Pastarello - NU26\",\"isPartOf\":{\"@id\":\"https:\/\/nu.prakticum.fi\/nu26\/#website\"},\"primaryImageOfPage\":{\"@id\":\"https:\/\/nu.prakticum.fi\/nu26\/raiana-pastarello\/#primaryimage\"},\"image\":{\"@id\":\"https:\/\/nu.prakticum.fi\/nu26\/raiana-pastarello\/#primaryimage\"},\"thumbnailUrl\":\"https:\/\/nu.prakticum.fi\/nu26\/wp-content\/uploads\/2025\/12\/SWE_01_LBS_RaianaPastorello-1024x683.jpg\",\"datePublished\":\"2025-12-22T12:37:49+00:00\",\"dateModified\":\"2025-12-22T12:39:37+00:00\",\"breadcrumb\":{\"@id\":\"https:\/\/nu.prakticum.fi\/nu26\/raiana-pastarello\/#breadcrumb\"},\"inLanguage\":\"en-US\",\"potentialAction\":[{\"@type\":\"ReadAction\",\"target\":[\"https:\/\/nu.prakticum.fi\/nu26\/raiana-pastarello\/\"]}]},{\"@type\":\"ImageObject\",\"inLanguage\":\"en-US\",\"@id\":\"https:\/\/nu.prakticum.fi\/nu26\/raiana-pastarello\/#primaryimage\",\"url\":\"https:\/\/nu.prakticum.fi\/nu26\/wp-content\/uploads\/2025\/12\/SWE_01_LBS_RaianaPastorello.jpg\",\"contentUrl\":\"https:\/\/nu.prakticum.fi\/nu26\/wp-content\/uploads\/2025\/12\/SWE_01_LBS_RaianaPastorello.jpg\",\"width\":2048,\"height\":1365},{\"@type\":\"BreadcrumbList\",\"@id\":\"https:\/\/nu.prakticum.fi\/nu26\/raiana-pastarello\/#breadcrumb\",\"itemListElement\":[{\"@type\":\"ListItem\",\"position\":1,\"name\":\"Home\",\"item\":\"https:\/\/nu.prakticum.fi\/nu26\/\"},{\"@type\":\"ListItem\",\"position\":2,\"name\":\"Raiana Pastarello\"}]},{\"@type\":\"WebSite\",\"@id\":\"https:\/\/nu.prakticum.fi\/nu26\/#website\",\"url\":\"https:\/\/nu.prakticum.fi\/nu26\/\",\"name\":\"NU26\",\"description\":\"To Belong\",\"potentialAction\":[{\"@type\":\"SearchAction\",\"target\":{\"@type\":\"EntryPoint\",\"urlTemplate\":\"https:\/\/nu.prakticum.fi\/nu26\/?s={search_term_string}\"},\"query-input\":{\"@type\":\"PropertyValueSpecification\",\"valueRequired\":true,\"valueName\":\"search_term_string\"}}],\"inLanguage\":\"en-US\"}]}<\/script>\n<!-- \/ Yoast SEO plugin. -->","yoast_head_json":{"title":"Raiana Pastarello - NU26","robots":{"index":"index","follow":"follow","max-snippet":"max-snippet:-1","max-image-preview":"max-image-preview:large","max-video-preview":"max-video-preview:-1"},"canonical":"https:\/\/nu.prakticum.fi\/nu26\/raiana-pastarello\/","og_locale":"en_US","og_type":"article","og_title":"Raiana Pastarello - NU26","og_description":"Back to homepage Raiana Pastarello I\u2019ve always liked to draw, I believe we are made to create and should appreciate all forms of art. With photography I\u2019m able to create but with my eyes, with things in front of me, and I think that\u2019s beautiful. My intent with this photo series was to depict the [&hellip;]","og_url":"https:\/\/nu.prakticum.fi\/nu26\/raiana-pastarello\/","og_site_name":"NU26","article_modified_time":"2025-12-22T12:39:37+00:00","og_image":[{"url":"https:\/\/nu.prakticum.fi\/nu26\/wp-content\/uploads\/2025\/12\/SWE_01_LBS_RaianaPastorello-1024x683.jpg","type":"","width":"","height":""}],"twitter_card":"summary_large_image","twitter_misc":{"Est. reading time":"1 minute"},"schema":{"@context":"https:\/\/schema.org","@graph":[{"@type":"WebPage","@id":"https:\/\/nu.prakticum.fi\/nu26\/raiana-pastarello\/","url":"https:\/\/nu.prakticum.fi\/nu26\/raiana-pastarello\/","name":"Raiana Pastarello - NU26","isPartOf":{"@id":"https:\/\/nu.prakticum.fi\/nu26\/#website"},"primaryImageOfPage":{"@id":"https:\/\/nu.prakticum.fi\/nu26\/raiana-pastarello\/#primaryimage"},"image":{"@id":"https:\/\/nu.prakticum.fi\/nu26\/raiana-pastarello\/#primaryimage"},"thumbnailUrl":"https:\/\/nu.prakticum.fi\/nu26\/wp-content\/uploads\/2025\/12\/SWE_01_LBS_RaianaPastorello-1024x683.jpg","datePublished":"2025-12-22T12:37:49+00:00","dateModified":"2025-12-22T12:39:37+00:00","breadcrumb":{"@id":"https:\/\/nu.prakticum.fi\/nu26\/raiana-pastarello\/#breadcrumb"},"inLanguage":"en-US","potentialAction":[{"@type":"ReadAction","target":["https:\/\/nu.prakticum.fi\/nu26\/raiana-pastarello\/"]}]},{"@type":"ImageObject","inLanguage":"en-US","@id":"https:\/\/nu.prakticum.fi\/nu26\/raiana-pastarello\/#primaryimage","url":"https:\/\/nu.prakticum.fi\/nu26\/wp-content\/uploads\/2025\/12\/SWE_01_LBS_RaianaPastorello.jpg","contentUrl":"https:\/\/nu.prakticum.fi\/nu26\/wp-content\/uploads\/2025\/12\/SWE_01_LBS_RaianaPastorello.jpg","width":2048,"height":1365},{"@type":"BreadcrumbList","@id":"https:\/\/nu.prakticum.fi\/nu26\/raiana-pastarello\/#breadcrumb","itemListElement":[{"@type":"ListItem","position":1,"name":"Home","item":"https:\/\/nu.prakticum.fi\/nu26\/"},{"@type":"ListItem","position":2,"name":"Raiana Pastarello"}]},{"@type":"WebSite","@id":"https:\/\/nu.prakticum.fi\/nu26\/#website","url":"https:\/\/nu.prakticum.fi\/nu26\/","name":"NU26","description":"To Belong","potentialAction":[{"@type":"SearchAction","target":{"@type":"EntryPoint","urlTemplate":"https:\/\/nu.prakticum.fi\/nu26\/?s={search_term_string}"},"query-input":{"@type":"PropertyValueSpecification","valueRequired":true,"valueName":"search_term_string"}}],"inLanguage":"en-US"}]}},"_links":{"self":[{"href":"https:\/\/nu.prakticum.fi\/nu26\/wp-json\/wp\/v2\/pages\/4447","targetHints":{"allow":["GET"]}}],"collection":[{"href":"https:\/\/nu.prakticum.fi\/nu26\/wp-json\/wp\/v2\/pages"}],"about":[{"href":"https:\/\/nu.prakticum.fi\/nu26\/wp-json\/wp\/v2\/types\/page"}],"author":[{"embeddable":true,"href":"https:\/\/nu.prakticum.fi\/nu26\/wp-json\/wp\/v2\/users\/2"}],"replies":[{"embeddable":true,"href":"https:\/\/nu.prakticum.fi\/nu26\/wp-json\/wp\/v2\/comments?post=4447"}],"version-history":[{"count":4,"href":"https:\/\/nu.prakticum.fi\/nu26\/wp-json\/wp\/v2\/pages\/4447\/revisions"}],"predecessor-version":[{"id":4455,"href":"https:\/\/nu.prakticum.fi\/nu26\/wp-json\/wp\/v2\/pages\/4447\/revisions\/4455"}],"wp:attachment":[{"href":"https:\/\/nu.prakticum.fi\/nu26\/wp-json\/wp\/v2\/media?parent=4447"}],"curies":[{"name":"wp","href":"https:\/\/api.w.org\/{rel}","templated":true}]}}