{"id":4436,"date":"2025-12-22T14:34:12","date_gmt":"2025-12-22T12:34:12","guid":{"rendered":"https:\/\/nu.prakticum.fi\/nu26\/?page_id=4436"},"modified":"2025-12-22T14:37:29","modified_gmt":"2025-12-22T12:37:29","slug":"hugo-tolander","status":"publish","type":"page","link":"https:\/\/nu.prakticum.fi\/nu26\/hugo-tolander\/","title":{"rendered":"Hugo T\u00f6lander"},"content":{"rendered":"\t\t<div data-elementor-type=\"wp-page\" data-elementor-id=\"4436\" class=\"elementor elementor-4436\">\n\t\t\t\t\t\t<section class=\"elementor-section elementor-top-section elementor-element elementor-element-2512a6dc elementor-section-boxed elementor-section-height-default elementor-section-height-default\" data-id=\"2512a6dc\" data-element_type=\"section\">\n\t\t\t\t\t\t<div class=\"elementor-container elementor-column-gap-default\">\n\t\t\t\t\t<div class=\"elementor-column elementor-col-50 elementor-top-column elementor-element elementor-element-41f733e0\" data-id=\"41f733e0\" data-element_type=\"column\" data-settings=\"{&quot;background_background&quot;:&quot;classic&quot;}\">\n\t\t\t<div class=\"elementor-widget-wrap elementor-element-populated\">\n\t\t\t\t\t<div class=\"elementor-background-overlay\"><\/div>\n\t\t\t\t\t\t<div class=\"elementor-element elementor-element-1da7a85f elementor-align-left elementor-widget elementor-widget-button\" data-id=\"1da7a85f\" data-element_type=\"widget\" data-widget_type=\"button.default\">\n\t\t\t\t<div class=\"elementor-widget-container\">\n\t\t\t\t\t\t\t\t\t<div class=\"elementor-button-wrapper\">\n\t\t\t\t\t<a class=\"elementor-button elementor-button-link elementor-size-sm\" href=\"https:\/\/nu.prakticum.fi\/nu26\/\">\n\t\t\t\t\t\t<span class=\"elementor-button-content-wrapper\">\n\t\t\t\t\t\t\t\t\t<span class=\"elementor-button-text\">Back to homepage<\/span>\n\t\t\t\t\t<\/span>\n\t\t\t\t\t<\/a>\n\t\t\t\t<\/div>\n\t\t\t\t\t\t\t\t<\/div>\n\t\t\t\t<\/div>\n\t\t\t\t<div class=\"elementor-element elementor-element-66334baa elementor-widget elementor-widget-spacer\" data-id=\"66334baa\" data-element_type=\"widget\" data-widget_type=\"spacer.default\">\n\t\t\t\t<div class=\"elementor-widget-container\">\n\t\t\t\t\t\t\t<div class=\"elementor-spacer\">\n\t\t\t<div class=\"elementor-spacer-inner\"><\/div>\n\t\t<\/div>\n\t\t\t\t\t\t<\/div>\n\t\t\t\t<\/div>\n\t\t\t\t<div class=\"elementor-element elementor-element-815738e elementor-widget elementor-widget-heading\" data-id=\"815738e\" data-element_type=\"widget\" data-widget_type=\"heading.default\">\n\t\t\t\t<div class=\"elementor-widget-container\">\n\t\t\t\t\t<h2 class=\"elementor-heading-title elementor-size-default\">Hugo T\u00f6lander<\/h2>\t\t\t\t<\/div>\n\t\t\t\t<\/div>\n\t\t\t\t<div class=\"elementor-element elementor-element-2e69943 elementor-widget elementor-widget-text-editor\" data-id=\"2e69943\" data-element_type=\"widget\" data-widget_type=\"text-editor.default\">\n\t\t\t\t<div class=\"elementor-widget-container\">\n\t\t\t\t\t\t\t\t\t<p><span style=\"font-weight: 500;\">My name is Hugo T\u00f6lander and I am studying in my last year on LBS to be a game graphic designer and as well have a single year course on photography. I have always been a sucker for snapping photographs, to capture what other people will disregard and walk away from. The theme: <\/span><i><span style=\"font-weight: 500;\">Borders &amp; Boundaries <\/span><\/i><span style=\"font-weight: 500;\">has given me a challenge, to look at many perspectives and choose what I want. What I chose is a \u201cgap between worlds\u201d. To capture what I see everyday that others don\u2019t. I wanted a feeling of self-enclosure and peacefulness.<\/span><\/p>\t\t\t\t\t\t\t\t<\/div>\n\t\t\t\t<\/div>\n\t\t\t\t<div class=\"elementor-element elementor-element-7b78304f elementor-widget elementor-widget-audio\" data-id=\"7b78304f\" data-element_type=\"widget\" data-widget_type=\"audio.default\">\n\t\t\t\t<div class=\"elementor-widget-container\">\n\t\t\t\t\t\t\t\t<div class=\"elementor-soundcloud-wrapper\">\n\t\t\t\t<iframe width=\"500\" height=\"200\" frameborder=\"no\" src=\"https:\/\/w.soundcloud.com\/player\/?visual=false&#038;url=https%3A%2F%2Fapi.soundcloud.com%2Ftracks%2F2234249876&#038;show_artwork=false&#038;maxheight=750&#038;maxwidth=500&#038;auto_play=false&#038;buying=false&#038;liking=false&#038;download=false&#038;sharing=false&#038;show_comments=false&#038;show_playcount=false&#038;show_user=false&#038;color=000000\"><\/iframe>\t\t\t<\/div>\n\t\t\t\t\t\t\t<\/div>\n\t\t\t\t<\/div>\n\t\t\t\t\t<\/div>\n\t\t<\/div>\n\t\t\t\t<div class=\"elementor-column elementor-col-50 elementor-top-column elementor-element elementor-element-b3b1364\" data-id=\"b3b1364\" data-element_type=\"column\">\n\t\t\t<div class=\"elementor-widget-wrap elementor-element-populated\">\n\t\t\t\t\t\t<div class=\"elementor-element elementor-element-5189927b elementor-widget elementor-widget-spacer\" data-id=\"5189927b\" data-element_type=\"widget\" data-widget_type=\"spacer.default\">\n\t\t\t\t<div class=\"elementor-widget-container\">\n\t\t\t\t\t\t\t<div class=\"elementor-spacer\">\n\t\t\t<div class=\"elementor-spacer-inner\"><\/div>\n\t\t<\/div>\n\t\t\t\t\t\t<\/div>\n\t\t\t\t<\/div>\n\t\t\t\t<div class=\"elementor-element elementor-element-1ba4913d gallery-spacing-custom elementor-widget elementor-widget-image-gallery\" data-id=\"1ba4913d\" data-element_type=\"widget\" data-widget_type=\"image-gallery.default\">\n\t\t\t\t<div class=\"elementor-widget-container\">\n\t\t\t\t\t\t\t<div class=\"elementor-image-gallery\">\n\t\t\t<div id='gallery-1' class='gallery galleryid-4436 gallery-columns-1 gallery-size-large'><figure class='gallery-item'>\n\t\t\t<div class='gallery-icon landscape'>\n\t\t\t\t<a data-elementor-open-lightbox=\"yes\" data-elementor-lightbox-slideshow=\"1ba4913d\" data-e-action-hash=\"#elementor-action%3Aaction%3Dlightbox%26settings%3DeyJpZCI6NDQ0MiwidXJsIjoiaHR0cHM6XC9cL251LnByYWt0aWN1bS5maVwvbnUyNlwvd3AtY29udGVudFwvdXBsb2Fkc1wvMjAyNVwvMTJcL1NXRV8xX0xCU19IdWdvVG9sYW5kZXItc2NhbGVkLmpwZyIsInNsaWRlc2hvdyI6IjFiYTQ5MTNkIn0%3D\" href='https:\/\/nu.prakticum.fi\/nu26\/wp-content\/uploads\/2025\/12\/SWE_1_LBS_HugoTolander-scaled.jpg'><img fetchpriority=\"high\" decoding=\"async\" width=\"1024\" height=\"724\" src=\"https:\/\/nu.prakticum.fi\/nu26\/wp-content\/uploads\/2025\/12\/SWE_1_LBS_HugoTolander-1024x724.jpg\" class=\"attachment-large size-large\" alt=\"\" srcset=\"https:\/\/nu.prakticum.fi\/nu26\/wp-content\/uploads\/2025\/12\/SWE_1_LBS_HugoTolander-1024x724.jpg 1024w, https:\/\/nu.prakticum.fi\/nu26\/wp-content\/uploads\/2025\/12\/SWE_1_LBS_HugoTolander-300x212.jpg 300w, https:\/\/nu.prakticum.fi\/nu26\/wp-content\/uploads\/2025\/12\/SWE_1_LBS_HugoTolander-768x543.jpg 768w, https:\/\/nu.prakticum.fi\/nu26\/wp-content\/uploads\/2025\/12\/SWE_1_LBS_HugoTolander-1536x1086.jpg 1536w, https:\/\/nu.prakticum.fi\/nu26\/wp-content\/uploads\/2025\/12\/SWE_1_LBS_HugoTolander-2048x1448.jpg 2048w\" sizes=\"(max-width: 1024px) 100vw, 1024px\" \/><\/a>\n\t\t\t<\/div><\/figure><figure class='gallery-item'>\n\t\t\t<div class='gallery-icon landscape'>\n\t\t\t\t<a data-elementor-open-lightbox=\"yes\" data-elementor-lightbox-slideshow=\"1ba4913d\" data-e-action-hash=\"#elementor-action%3Aaction%3Dlightbox%26settings%3DeyJpZCI6NDQ0MywidXJsIjoiaHR0cHM6XC9cL251LnByYWt0aWN1bS5maVwvbnUyNlwvd3AtY29udGVudFwvdXBsb2Fkc1wvMjAyNVwvMTJcL1NXRV8yX0xCU19IdWdvVG9sYW5kZXItc2NhbGVkLmpwZyIsInNsaWRlc2hvdyI6IjFiYTQ5MTNkIn0%3D\" href='https:\/\/nu.prakticum.fi\/nu26\/wp-content\/uploads\/2025\/12\/SWE_2_LBS_HugoTolander-scaled.jpg'><img decoding=\"async\" width=\"1024\" height=\"724\" src=\"https:\/\/nu.prakticum.fi\/nu26\/wp-content\/uploads\/2025\/12\/SWE_2_LBS_HugoTolander-1024x724.jpg\" class=\"attachment-large size-large\" alt=\"\" srcset=\"https:\/\/nu.prakticum.fi\/nu26\/wp-content\/uploads\/2025\/12\/SWE_2_LBS_HugoTolander-1024x724.jpg 1024w, https:\/\/nu.prakticum.fi\/nu26\/wp-content\/uploads\/2025\/12\/SWE_2_LBS_HugoTolander-300x212.jpg 300w, https:\/\/nu.prakticum.fi\/nu26\/wp-content\/uploads\/2025\/12\/SWE_2_LBS_HugoTolander-768x543.jpg 768w, https:\/\/nu.prakticum.fi\/nu26\/wp-content\/uploads\/2025\/12\/SWE_2_LBS_HugoTolander-1536x1086.jpg 1536w, https:\/\/nu.prakticum.fi\/nu26\/wp-content\/uploads\/2025\/12\/SWE_2_LBS_HugoTolander-2048x1448.jpg 2048w\" sizes=\"(max-width: 1024px) 100vw, 1024px\" \/><\/a>\n\t\t\t<\/div><\/figure><figure class='gallery-item'>\n\t\t\t<div class='gallery-icon landscape'>\n\t\t\t\t<a data-elementor-open-lightbox=\"yes\" data-elementor-lightbox-slideshow=\"1ba4913d\" data-e-action-hash=\"#elementor-action%3Aaction%3Dlightbox%26settings%3DeyJpZCI6NDQ0MSwidXJsIjoiaHR0cHM6XC9cL251LnByYWt0aWN1bS5maVwvbnUyNlwvd3AtY29udGVudFwvdXBsb2Fkc1wvMjAyNVwvMTJcL1BSSU5UU1dFXzNfTEJTX0h1Z29Ub2xhbmRlci1zY2FsZWQuanBnIiwic2xpZGVzaG93IjoiMWJhNDkxM2QifQ%3D%3D\" href='https:\/\/nu.prakticum.fi\/nu26\/wp-content\/uploads\/2025\/12\/PRINTSWE_3_LBS_HugoTolander-scaled.jpg'><img decoding=\"async\" width=\"1024\" height=\"724\" src=\"https:\/\/nu.prakticum.fi\/nu26\/wp-content\/uploads\/2025\/12\/PRINTSWE_3_LBS_HugoTolander-1024x724.jpg\" class=\"attachment-large size-large\" alt=\"\" srcset=\"https:\/\/nu.prakticum.fi\/nu26\/wp-content\/uploads\/2025\/12\/PRINTSWE_3_LBS_HugoTolander-1024x724.jpg 1024w, https:\/\/nu.prakticum.fi\/nu26\/wp-content\/uploads\/2025\/12\/PRINTSWE_3_LBS_HugoTolander-300x212.jpg 300w, https:\/\/nu.prakticum.fi\/nu26\/wp-content\/uploads\/2025\/12\/PRINTSWE_3_LBS_HugoTolander-768x543.jpg 768w, https:\/\/nu.prakticum.fi\/nu26\/wp-content\/uploads\/2025\/12\/PRINTSWE_3_LBS_HugoTolander-1536x1086.jpg 1536w, https:\/\/nu.prakticum.fi\/nu26\/wp-content\/uploads\/2025\/12\/PRINTSWE_3_LBS_HugoTolander-2048x1448.jpg 2048w\" sizes=\"(max-width: 1024px) 100vw, 1024px\" \/><\/a>\n\t\t\t<\/div><\/figure>\n\t\t<\/div>\n\t\t<\/div>\n\t\t\t\t\t\t<\/div>\n\t\t\t\t<\/div>\n\t\t\t\t\t<\/div>\n\t\t<\/div>\n\t\t\t\t\t<\/div>\n\t\t<\/section>\n\t\t\t\t<\/div>\n\t\t","protected":false},"excerpt":{"rendered":"<p>Back to homepage Hugo T\u00f6lander My name is Hugo T\u00f6lander and I am studying in my last year on LBS to be a game graphic designer and as well have a single year course on photography. I have always been a sucker for snapping photographs, to capture what other people will disregard and walk away [&hellip;]<\/p>\n","protected":false},"author":2,"featured_media":0,"parent":0,"menu_order":0,"comment_status":"closed","ping_status":"closed","template":"","meta":{"site-sidebar-layout":"no-sidebar","site-content-layout":"page-builder","ast-site-content-layout":"full-width-container","site-content-style":"default","site-sidebar-style":"default","ast-global-header-display":"","ast-banner-title-visibility":"","ast-main-header-display":"","ast-hfb-above-header-display":"","ast-hfb-below-header-display":"","ast-hfb-mobile-header-display":"","site-post-title":"disabled","ast-breadcrumbs-content":"","ast-featured-img":"disabled","footer-sml-layout":"","theme-transparent-header-meta":"","adv-header-id-meta":"","stick-header-meta":"","header-above-stick-meta":"","header-main-stick-meta":"","header-below-stick-meta":"","astra-migrate-meta-layouts":"set","ast-page-background-enabled":"default","ast-page-background-meta":{"desktop":{"background-color":"","background-image":"","background-repeat":"repeat","background-position":"center center","background-size":"auto","background-attachment":"scroll","background-type":"","background-media":"","overlay-type":"","overlay-color":"","overlay-opacity":"","overlay-gradient":""},"tablet":{"background-color":"","background-image":"","background-repeat":"repeat","background-position":"center center","background-size":"auto","background-attachment":"scroll","background-type":"","background-media":"","overlay-type":"","overlay-color":"","overlay-opacity":"","overlay-gradient":""},"mobile":{"background-color":"","background-image":"","background-repeat":"repeat","background-position":"center center","background-size":"auto","background-attachment":"scroll","background-type":"","background-media":"","overlay-type":"","overlay-color":"","overlay-opacity":"","overlay-gradient":""}},"ast-content-background-meta":{"desktop":{"background-color":"var(--ast-global-color-5)","background-image":"","background-repeat":"repeat","background-position":"center center","background-size":"auto","background-attachment":"scroll","background-type":"","background-media":"","overlay-type":"","overlay-color":"","overlay-opacity":"","overlay-gradient":""},"tablet":{"background-color":"var(--ast-global-color-5)","background-image":"","background-repeat":"repeat","background-position":"center center","background-size":"auto","background-attachment":"scroll","background-type":"","background-media":"","overlay-type":"","overlay-color":"","overlay-opacity":"","overlay-gradient":""},"mobile":{"background-color":"var(--ast-global-color-5)","background-image":"","background-repeat":"repeat","background-position":"center center","background-size":"auto","background-attachment":"scroll","background-type":"","background-media":"","overlay-type":"","overlay-color":"","overlay-opacity":"","overlay-gradient":""}},"footnotes":""},"class_list":["post-4436","page","type-page","status-publish","hentry"],"yoast_head":"<!-- This site is optimized with the Yoast SEO plugin v26.4 - https:\/\/yoast.com\/wordpress\/plugins\/seo\/ -->\n<title>Hugo T\u00f6lander - NU26<\/title>\n<meta name=\"robots\" content=\"index, follow, max-snippet:-1, max-image-preview:large, max-video-preview:-1\" \/>\n<link rel=\"canonical\" href=\"https:\/\/nu.prakticum.fi\/nu26\/hugo-tolander\/\" \/>\n<meta property=\"og:locale\" content=\"en_US\" \/>\n<meta property=\"og:type\" content=\"article\" \/>\n<meta property=\"og:title\" content=\"Hugo T\u00f6lander - NU26\" \/>\n<meta property=\"og:description\" content=\"Back to homepage Hugo T\u00f6lander My name is Hugo T\u00f6lander and I am studying in my last year on LBS to be a game graphic designer and as well have a single year course on photography. I have always been a sucker for snapping photographs, to capture what other people will disregard and walk away [&hellip;]\" \/>\n<meta property=\"og:url\" content=\"https:\/\/nu.prakticum.fi\/nu26\/hugo-tolander\/\" \/>\n<meta property=\"og:site_name\" content=\"NU26\" \/>\n<meta property=\"article:modified_time\" content=\"2025-12-22T12:37:29+00:00\" \/>\n<meta property=\"og:image\" content=\"https:\/\/nu.prakticum.fi\/nu26\/wp-content\/uploads\/2025\/12\/SWE_1_LBS_HugoTolander-1024x724.jpg\" \/>\n<meta name=\"twitter:card\" content=\"summary_large_image\" \/>\n<meta name=\"twitter:label1\" content=\"Est. reading time\" \/>\n\t<meta name=\"twitter:data1\" content=\"2 minutes\" \/>\n<script type=\"application\/ld+json\" class=\"yoast-schema-graph\">{\"@context\":\"https:\/\/schema.org\",\"@graph\":[{\"@type\":\"WebPage\",\"@id\":\"https:\/\/nu.prakticum.fi\/nu26\/hugo-tolander\/\",\"url\":\"https:\/\/nu.prakticum.fi\/nu26\/hugo-tolander\/\",\"name\":\"Hugo T\u00f6lander - NU26\",\"isPartOf\":{\"@id\":\"https:\/\/nu.prakticum.fi\/nu26\/#website\"},\"primaryImageOfPage\":{\"@id\":\"https:\/\/nu.prakticum.fi\/nu26\/hugo-tolander\/#primaryimage\"},\"image\":{\"@id\":\"https:\/\/nu.prakticum.fi\/nu26\/hugo-tolander\/#primaryimage\"},\"thumbnailUrl\":\"https:\/\/nu.prakticum.fi\/nu26\/wp-content\/uploads\/2025\/12\/SWE_1_LBS_HugoTolander-1024x724.jpg\",\"datePublished\":\"2025-12-22T12:34:12+00:00\",\"dateModified\":\"2025-12-22T12:37:29+00:00\",\"breadcrumb\":{\"@id\":\"https:\/\/nu.prakticum.fi\/nu26\/hugo-tolander\/#breadcrumb\"},\"inLanguage\":\"en-US\",\"potentialAction\":[{\"@type\":\"ReadAction\",\"target\":[\"https:\/\/nu.prakticum.fi\/nu26\/hugo-tolander\/\"]}]},{\"@type\":\"ImageObject\",\"inLanguage\":\"en-US\",\"@id\":\"https:\/\/nu.prakticum.fi\/nu26\/hugo-tolander\/#primaryimage\",\"url\":\"https:\/\/nu.prakticum.fi\/nu26\/wp-content\/uploads\/2025\/12\/SWE_1_LBS_HugoTolander-scaled.jpg\",\"contentUrl\":\"https:\/\/nu.prakticum.fi\/nu26\/wp-content\/uploads\/2025\/12\/SWE_1_LBS_HugoTolander-scaled.jpg\",\"width\":2560,\"height\":1810},{\"@type\":\"BreadcrumbList\",\"@id\":\"https:\/\/nu.prakticum.fi\/nu26\/hugo-tolander\/#breadcrumb\",\"itemListElement\":[{\"@type\":\"ListItem\",\"position\":1,\"name\":\"Home\",\"item\":\"https:\/\/nu.prakticum.fi\/nu26\/\"},{\"@type\":\"ListItem\",\"position\":2,\"name\":\"Hugo T\u00f6lander\"}]},{\"@type\":\"WebSite\",\"@id\":\"https:\/\/nu.prakticum.fi\/nu26\/#website\",\"url\":\"https:\/\/nu.prakticum.fi\/nu26\/\",\"name\":\"NU26\",\"description\":\"To Belong\",\"potentialAction\":[{\"@type\":\"SearchAction\",\"target\":{\"@type\":\"EntryPoint\",\"urlTemplate\":\"https:\/\/nu.prakticum.fi\/nu26\/?s={search_term_string}\"},\"query-input\":{\"@type\":\"PropertyValueSpecification\",\"valueRequired\":true,\"valueName\":\"search_term_string\"}}],\"inLanguage\":\"en-US\"}]}<\/script>\n<!-- \/ Yoast SEO plugin. -->","yoast_head_json":{"title":"Hugo T\u00f6lander - NU26","robots":{"index":"index","follow":"follow","max-snippet":"max-snippet:-1","max-image-preview":"max-image-preview:large","max-video-preview":"max-video-preview:-1"},"canonical":"https:\/\/nu.prakticum.fi\/nu26\/hugo-tolander\/","og_locale":"en_US","og_type":"article","og_title":"Hugo T\u00f6lander - NU26","og_description":"Back to homepage Hugo T\u00f6lander My name is Hugo T\u00f6lander and I am studying in my last year on LBS to be a game graphic designer and as well have a single year course on photography. I have always been a sucker for snapping photographs, to capture what other people will disregard and walk away [&hellip;]","og_url":"https:\/\/nu.prakticum.fi\/nu26\/hugo-tolander\/","og_site_name":"NU26","article_modified_time":"2025-12-22T12:37:29+00:00","og_image":[{"url":"https:\/\/nu.prakticum.fi\/nu26\/wp-content\/uploads\/2025\/12\/SWE_1_LBS_HugoTolander-1024x724.jpg","type":"","width":"","height":""}],"twitter_card":"summary_large_image","twitter_misc":{"Est. reading time":"2 minutes"},"schema":{"@context":"https:\/\/schema.org","@graph":[{"@type":"WebPage","@id":"https:\/\/nu.prakticum.fi\/nu26\/hugo-tolander\/","url":"https:\/\/nu.prakticum.fi\/nu26\/hugo-tolander\/","name":"Hugo T\u00f6lander - NU26","isPartOf":{"@id":"https:\/\/nu.prakticum.fi\/nu26\/#website"},"primaryImageOfPage":{"@id":"https:\/\/nu.prakticum.fi\/nu26\/hugo-tolander\/#primaryimage"},"image":{"@id":"https:\/\/nu.prakticum.fi\/nu26\/hugo-tolander\/#primaryimage"},"thumbnailUrl":"https:\/\/nu.prakticum.fi\/nu26\/wp-content\/uploads\/2025\/12\/SWE_1_LBS_HugoTolander-1024x724.jpg","datePublished":"2025-12-22T12:34:12+00:00","dateModified":"2025-12-22T12:37:29+00:00","breadcrumb":{"@id":"https:\/\/nu.prakticum.fi\/nu26\/hugo-tolander\/#breadcrumb"},"inLanguage":"en-US","potentialAction":[{"@type":"ReadAction","target":["https:\/\/nu.prakticum.fi\/nu26\/hugo-tolander\/"]}]},{"@type":"ImageObject","inLanguage":"en-US","@id":"https:\/\/nu.prakticum.fi\/nu26\/hugo-tolander\/#primaryimage","url":"https:\/\/nu.prakticum.fi\/nu26\/wp-content\/uploads\/2025\/12\/SWE_1_LBS_HugoTolander-scaled.jpg","contentUrl":"https:\/\/nu.prakticum.fi\/nu26\/wp-content\/uploads\/2025\/12\/SWE_1_LBS_HugoTolander-scaled.jpg","width":2560,"height":1810},{"@type":"BreadcrumbList","@id":"https:\/\/nu.prakticum.fi\/nu26\/hugo-tolander\/#breadcrumb","itemListElement":[{"@type":"ListItem","position":1,"name":"Home","item":"https:\/\/nu.prakticum.fi\/nu26\/"},{"@type":"ListItem","position":2,"name":"Hugo T\u00f6lander"}]},{"@type":"WebSite","@id":"https:\/\/nu.prakticum.fi\/nu26\/#website","url":"https:\/\/nu.prakticum.fi\/nu26\/","name":"NU26","description":"To Belong","potentialAction":[{"@type":"SearchAction","target":{"@type":"EntryPoint","urlTemplate":"https:\/\/nu.prakticum.fi\/nu26\/?s={search_term_string}"},"query-input":{"@type":"PropertyValueSpecification","valueRequired":true,"valueName":"search_term_string"}}],"inLanguage":"en-US"}]}},"_links":{"self":[{"href":"https:\/\/nu.prakticum.fi\/nu26\/wp-json\/wp\/v2\/pages\/4436","targetHints":{"allow":["GET"]}}],"collection":[{"href":"https:\/\/nu.prakticum.fi\/nu26\/wp-json\/wp\/v2\/pages"}],"about":[{"href":"https:\/\/nu.prakticum.fi\/nu26\/wp-json\/wp\/v2\/types\/page"}],"author":[{"embeddable":true,"href":"https:\/\/nu.prakticum.fi\/nu26\/wp-json\/wp\/v2\/users\/2"}],"replies":[{"embeddable":true,"href":"https:\/\/nu.prakticum.fi\/nu26\/wp-json\/wp\/v2\/comments?post=4436"}],"version-history":[{"count":7,"href":"https:\/\/nu.prakticum.fi\/nu26\/wp-json\/wp\/v2\/pages\/4436\/revisions"}],"predecessor-version":[{"id":4446,"href":"https:\/\/nu.prakticum.fi\/nu26\/wp-json\/wp\/v2\/pages\/4436\/revisions\/4446"}],"wp:attachment":[{"href":"https:\/\/nu.prakticum.fi\/nu26\/wp-json\/wp\/v2\/media?parent=4436"}],"curies":[{"name":"wp","href":"https:\/\/api.w.org\/{rel}","templated":true}]}}