{"id":4395,"date":"2025-12-22T14:18:10","date_gmt":"2025-12-22T12:18:10","guid":{"rendered":"https:\/\/nu.prakticum.fi\/nu26\/?page_id=4395"},"modified":"2025-12-22T14:18:56","modified_gmt":"2025-12-22T12:18:56","slug":"jasmine-rasanen","status":"publish","type":"page","link":"https:\/\/nu.prakticum.fi\/nu26\/jasmine-rasanen\/","title":{"rendered":"Jasmine R\u00e4s\u00e4nen"},"content":{"rendered":"\t\t<div data-elementor-type=\"wp-page\" data-elementor-id=\"4395\" class=\"elementor elementor-4395\">\n\t\t\t\t\t\t<section class=\"elementor-section elementor-top-section elementor-element elementor-element-3ed44e17 elementor-section-boxed elementor-section-height-default elementor-section-height-default\" data-id=\"3ed44e17\" data-element_type=\"section\">\n\t\t\t\t\t\t<div class=\"elementor-container elementor-column-gap-default\">\n\t\t\t\t\t<div class=\"elementor-column elementor-col-50 elementor-top-column elementor-element elementor-element-1ded15c5\" data-id=\"1ded15c5\" data-element_type=\"column\" data-settings=\"{&quot;background_background&quot;:&quot;classic&quot;}\">\n\t\t\t<div class=\"elementor-widget-wrap elementor-element-populated\">\n\t\t\t\t\t<div class=\"elementor-background-overlay\"><\/div>\n\t\t\t\t\t\t<div class=\"elementor-element elementor-element-44c2ef99 elementor-align-left elementor-widget elementor-widget-button\" data-id=\"44c2ef99\" data-element_type=\"widget\" data-widget_type=\"button.default\">\n\t\t\t\t<div class=\"elementor-widget-container\">\n\t\t\t\t\t\t\t\t\t<div class=\"elementor-button-wrapper\">\n\t\t\t\t\t<a class=\"elementor-button elementor-button-link elementor-size-sm\" href=\"https:\/\/nu.prakticum.fi\/nu26\/\">\n\t\t\t\t\t\t<span class=\"elementor-button-content-wrapper\">\n\t\t\t\t\t\t\t\t\t<span class=\"elementor-button-text\">Back to homepage<\/span>\n\t\t\t\t\t<\/span>\n\t\t\t\t\t<\/a>\n\t\t\t\t<\/div>\n\t\t\t\t\t\t\t\t<\/div>\n\t\t\t\t<\/div>\n\t\t\t\t<div class=\"elementor-element elementor-element-72b92902 elementor-widget elementor-widget-spacer\" data-id=\"72b92902\" data-element_type=\"widget\" data-widget_type=\"spacer.default\">\n\t\t\t\t<div class=\"elementor-widget-container\">\n\t\t\t\t\t\t\t<div class=\"elementor-spacer\">\n\t\t\t<div class=\"elementor-spacer-inner\"><\/div>\n\t\t<\/div>\n\t\t\t\t\t\t<\/div>\n\t\t\t\t<\/div>\n\t\t\t\t<div class=\"elementor-element elementor-element-6013f707 elementor-widget elementor-widget-heading\" data-id=\"6013f707\" data-element_type=\"widget\" data-widget_type=\"heading.default\">\n\t\t\t\t<div class=\"elementor-widget-container\">\n\t\t\t\t\t<h2 class=\"elementor-heading-title elementor-size-default\">Jasmine R\u00e4s\u00e4nen<\/h2>\t\t\t\t<\/div>\n\t\t\t\t<\/div>\n\t\t\t\t<div class=\"elementor-element elementor-element-67632bdc elementor-widget elementor-widget-text-editor\" data-id=\"67632bdc\" data-element_type=\"widget\" data-widget_type=\"text-editor.default\">\n\t\t\t\t<div class=\"elementor-widget-container\">\n\t\t\t\t\t\t\t\t\t<p>Border and Boundaries \/ Facing The Borderline<\/p><p>My name is Jasmine R\u00e4s\u00e4nen. I am a first-year photography student from Helsinki. Photography is a way of expressing what cannot always be put into words, and it reveals things that we cannot see, experience, explain, or pay attention to.<\/p><p>Through my artistic expression, I ponder the profound questions about humanity and aim to make intangible concepts concrete.<\/p><p>My photo series Facing The Borderline explores the encountering of emotional boundaries and inner instability. When our mental boundaries cease to exist, our identity fades and inner conflict grows. The inner world turns into a horror movie, where anxiety, fear, and the worst version of ourselves plays the main character.<\/p>\t\t\t\t\t\t\t\t<\/div>\n\t\t\t\t<\/div>\n\t\t\t\t<div class=\"elementor-element elementor-element-3a2161f elementor-widget elementor-widget-audio\" data-id=\"3a2161f\" data-element_type=\"widget\" data-widget_type=\"audio.default\">\n\t\t\t\t<div class=\"elementor-widget-container\">\n\t\t\t\t\t\t\t\t<div class=\"elementor-soundcloud-wrapper\">\n\t\t\t\t<iframe width=\"911\" height=\"200\" frameborder=\"no\" src=\"https:\/\/w.soundcloud.com\/player\/?visual=false&#038;url=https%3A%2F%2Fapi.soundcloud.com%2Ftracks%2F2234223221&#038;show_artwork=false&#038;maxheight=1000&#038;maxwidth=911&#038;auto_play=false&#038;buying=false&#038;liking=false&#038;download=false&#038;sharing=false&#038;show_comments=false&#038;show_playcount=false&#038;show_user=false&#038;color=000000\"><\/iframe>\t\t\t<\/div>\n\t\t\t\t\t\t\t<\/div>\n\t\t\t\t<\/div>\n\t\t\t\t\t<\/div>\n\t\t<\/div>\n\t\t\t\t<div class=\"elementor-column elementor-col-50 elementor-top-column elementor-element elementor-element-4c648d30\" data-id=\"4c648d30\" data-element_type=\"column\">\n\t\t\t<div class=\"elementor-widget-wrap elementor-element-populated\">\n\t\t\t\t\t\t<div class=\"elementor-element elementor-element-6037e277 elementor-widget elementor-widget-spacer\" data-id=\"6037e277\" data-element_type=\"widget\" data-widget_type=\"spacer.default\">\n\t\t\t\t<div class=\"elementor-widget-container\">\n\t\t\t\t\t\t\t<div class=\"elementor-spacer\">\n\t\t\t<div class=\"elementor-spacer-inner\"><\/div>\n\t\t<\/div>\n\t\t\t\t\t\t<\/div>\n\t\t\t\t<\/div>\n\t\t\t\t<div class=\"elementor-element elementor-element-e03c208 gallery-spacing-custom elementor-widget elementor-widget-image-gallery\" data-id=\"e03c208\" data-element_type=\"widget\" data-widget_type=\"image-gallery.default\">\n\t\t\t\t<div class=\"elementor-widget-container\">\n\t\t\t\t\t\t\t<div class=\"elementor-image-gallery\">\n\t\t\t<div id='gallery-1' class='gallery galleryid-4395 gallery-columns-1 gallery-size-large'><figure class='gallery-item'>\n\t\t\t<div class='gallery-icon landscape'>\n\t\t\t\t<a data-elementor-open-lightbox=\"yes\" data-elementor-lightbox-slideshow=\"e03c208\" data-e-action-hash=\"#elementor-action%3Aaction%3Dlightbox%26settings%3DeyJpZCI6NDM5OSwidXJsIjoiaHR0cHM6XC9cL251LnByYWt0aWN1bS5maVwvbnUyNlwvd3AtY29udGVudFwvdXBsb2Fkc1wvMjAyNVwvMTJcL0ZJXzFfU3RhZGluQU9fSmFzbWluZV9SYXNhbmVuX2E0LXNjYWxlZC5qcGciLCJzbGlkZXNob3ciOiJlMDNjMjA4In0%3D\" href='https:\/\/nu.prakticum.fi\/nu26\/wp-content\/uploads\/2025\/12\/FI_1_StadinAO_Jasmine_Rasanen_a4-scaled.jpg'><img fetchpriority=\"high\" decoding=\"async\" width=\"911\" height=\"644\" src=\"https:\/\/nu.prakticum.fi\/nu26\/wp-content\/uploads\/2025\/12\/FI_1_StadinAO_Jasmine_Rasanen_a4-1024x724.jpg\" class=\"attachment-large size-large\" alt=\"\" srcset=\"https:\/\/nu.prakticum.fi\/nu26\/wp-content\/uploads\/2025\/12\/FI_1_StadinAO_Jasmine_Rasanen_a4-1024x724.jpg 1024w, https:\/\/nu.prakticum.fi\/nu26\/wp-content\/uploads\/2025\/12\/FI_1_StadinAO_Jasmine_Rasanen_a4-300x212.jpg 300w, https:\/\/nu.prakticum.fi\/nu26\/wp-content\/uploads\/2025\/12\/FI_1_StadinAO_Jasmine_Rasanen_a4-768x543.jpg 768w, https:\/\/nu.prakticum.fi\/nu26\/wp-content\/uploads\/2025\/12\/FI_1_StadinAO_Jasmine_Rasanen_a4-1536x1086.jpg 1536w, https:\/\/nu.prakticum.fi\/nu26\/wp-content\/uploads\/2025\/12\/FI_1_StadinAO_Jasmine_Rasanen_a4-2048x1448.jpg 2048w\" sizes=\"(max-width: 911px) 100vw, 911px\" \/><\/a>\n\t\t\t<\/div><\/figure><figure class='gallery-item'>\n\t\t\t<div class='gallery-icon landscape'>\n\t\t\t\t<a data-elementor-open-lightbox=\"yes\" data-elementor-lightbox-slideshow=\"e03c208\" data-e-action-hash=\"#elementor-action%3Aaction%3Dlightbox%26settings%3DeyJpZCI6NDM5OCwidXJsIjoiaHR0cHM6XC9cL251LnByYWt0aWN1bS5maVwvbnUyNlwvd3AtY29udGVudFwvdXBsb2Fkc1wvMjAyNVwvMTJcL0ZJXzJfU3RhZGluQU9fSmFzbWluZV9SYXNhbmVuX2E0LXNjYWxlZC5qcGciLCJzbGlkZXNob3ciOiJlMDNjMjA4In0%3D\" href='https:\/\/nu.prakticum.fi\/nu26\/wp-content\/uploads\/2025\/12\/FI_2_StadinAO_Jasmine_Rasanen_a4-scaled.jpg'><img decoding=\"async\" width=\"911\" height=\"644\" src=\"https:\/\/nu.prakticum.fi\/nu26\/wp-content\/uploads\/2025\/12\/FI_2_StadinAO_Jasmine_Rasanen_a4-1024x724.jpg\" class=\"attachment-large size-large\" alt=\"\" srcset=\"https:\/\/nu.prakticum.fi\/nu26\/wp-content\/uploads\/2025\/12\/FI_2_StadinAO_Jasmine_Rasanen_a4-1024x724.jpg 1024w, https:\/\/nu.prakticum.fi\/nu26\/wp-content\/uploads\/2025\/12\/FI_2_StadinAO_Jasmine_Rasanen_a4-300x212.jpg 300w, https:\/\/nu.prakticum.fi\/nu26\/wp-content\/uploads\/2025\/12\/FI_2_StadinAO_Jasmine_Rasanen_a4-768x543.jpg 768w, https:\/\/nu.prakticum.fi\/nu26\/wp-content\/uploads\/2025\/12\/FI_2_StadinAO_Jasmine_Rasanen_a4-1536x1086.jpg 1536w, https:\/\/nu.prakticum.fi\/nu26\/wp-content\/uploads\/2025\/12\/FI_2_StadinAO_Jasmine_Rasanen_a4-2048x1448.jpg 2048w\" sizes=\"(max-width: 911px) 100vw, 911px\" \/><\/a>\n\t\t\t<\/div><\/figure><figure class='gallery-item'>\n\t\t\t<div class='gallery-icon landscape'>\n\t\t\t\t<a data-elementor-open-lightbox=\"yes\" data-elementor-lightbox-slideshow=\"e03c208\" data-e-action-hash=\"#elementor-action%3Aaction%3Dlightbox%26settings%3DeyJpZCI6NDM5NywidXJsIjoiaHR0cHM6XC9cL251LnByYWt0aWN1bS5maVwvbnUyNlwvd3AtY29udGVudFwvdXBsb2Fkc1wvMjAyNVwvMTJcL0ZJXzNfU3RhZGluQU9fSmFzbWluZV9SYXNhbmVuX2E0LXNjYWxlZC5qcGciLCJzbGlkZXNob3ciOiJlMDNjMjA4In0%3D\" href='https:\/\/nu.prakticum.fi\/nu26\/wp-content\/uploads\/2025\/12\/FI_3_StadinAO_Jasmine_Rasanen_a4-scaled.jpg'><img decoding=\"async\" width=\"911\" height=\"644\" src=\"https:\/\/nu.prakticum.fi\/nu26\/wp-content\/uploads\/2025\/12\/FI_3_StadinAO_Jasmine_Rasanen_a4-1024x724.jpg\" class=\"attachment-large size-large\" alt=\"\" srcset=\"https:\/\/nu.prakticum.fi\/nu26\/wp-content\/uploads\/2025\/12\/FI_3_StadinAO_Jasmine_Rasanen_a4-1024x724.jpg 1024w, https:\/\/nu.prakticum.fi\/nu26\/wp-content\/uploads\/2025\/12\/FI_3_StadinAO_Jasmine_Rasanen_a4-300x212.jpg 300w, https:\/\/nu.prakticum.fi\/nu26\/wp-content\/uploads\/2025\/12\/FI_3_StadinAO_Jasmine_Rasanen_a4-768x543.jpg 768w, https:\/\/nu.prakticum.fi\/nu26\/wp-content\/uploads\/2025\/12\/FI_3_StadinAO_Jasmine_Rasanen_a4-1536x1086.jpg 1536w, https:\/\/nu.prakticum.fi\/nu26\/wp-content\/uploads\/2025\/12\/FI_3_StadinAO_Jasmine_Rasanen_a4-2048x1448.jpg 2048w\" sizes=\"(max-width: 911px) 100vw, 911px\" \/><\/a>\n\t\t\t<\/div><\/figure>\n\t\t<\/div>\n\t\t<\/div>\n\t\t\t\t\t\t<\/div>\n\t\t\t\t<\/div>\n\t\t\t\t\t<\/div>\n\t\t<\/div>\n\t\t\t\t\t<\/div>\n\t\t<\/section>\n\t\t\t\t<\/div>\n\t\t","protected":false},"excerpt":{"rendered":"<p>Back to homepage Jasmine R\u00e4s\u00e4nen Border and Boundaries \/ Facing The Borderline My name is Jasmine R\u00e4s\u00e4nen. I am a first-year photography student from Helsinki. Photography is a way of expressing what cannot always be put into words, and it reveals things that we cannot see, experience, explain, or pay attention to. Through my artistic [&hellip;]<\/p>\n","protected":false},"author":2,"featured_media":0,"parent":0,"menu_order":0,"comment_status":"closed","ping_status":"closed","template":"","meta":{"site-sidebar-layout":"no-sidebar","site-content-layout":"page-builder","ast-site-content-layout":"full-width-container","site-content-style":"default","site-sidebar-style":"default","ast-global-header-display":"","ast-banner-title-visibility":"","ast-main-header-display":"","ast-hfb-above-header-display":"","ast-hfb-below-header-display":"","ast-hfb-mobile-header-display":"","site-post-title":"disabled","ast-breadcrumbs-content":"","ast-featured-img":"disabled","footer-sml-layout":"","theme-transparent-header-meta":"","adv-header-id-meta":"","stick-header-meta":"","header-above-stick-meta":"","header-main-stick-meta":"","header-below-stick-meta":"","astra-migrate-meta-layouts":"set","ast-page-background-enabled":"default","ast-page-background-meta":{"desktop":{"background-color":"","background-image":"","background-repeat":"repeat","background-position":"center center","background-size":"auto","background-attachment":"scroll","background-type":"","background-media":"","overlay-type":"","overlay-color":"","overlay-opacity":"","overlay-gradient":""},"tablet":{"background-color":"","background-image":"","background-repeat":"repeat","background-position":"center center","background-size":"auto","background-attachment":"scroll","background-type":"","background-media":"","overlay-type":"","overlay-color":"","overlay-opacity":"","overlay-gradient":""},"mobile":{"background-color":"","background-image":"","background-repeat":"repeat","background-position":"center center","background-size":"auto","background-attachment":"scroll","background-type":"","background-media":"","overlay-type":"","overlay-color":"","overlay-opacity":"","overlay-gradient":""}},"ast-content-background-meta":{"desktop":{"background-color":"var(--ast-global-color-5)","background-image":"","background-repeat":"repeat","background-position":"center center","background-size":"auto","background-attachment":"scroll","background-type":"","background-media":"","overlay-type":"","overlay-color":"","overlay-opacity":"","overlay-gradient":""},"tablet":{"background-color":"var(--ast-global-color-5)","background-image":"","background-repeat":"repeat","background-position":"center center","background-size":"auto","background-attachment":"scroll","background-type":"","background-media":"","overlay-type":"","overlay-color":"","overlay-opacity":"","overlay-gradient":""},"mobile":{"background-color":"var(--ast-global-color-5)","background-image":"","background-repeat":"repeat","background-position":"center center","background-size":"auto","background-attachment":"scroll","background-type":"","background-media":"","overlay-type":"","overlay-color":"","overlay-opacity":"","overlay-gradient":""}},"footnotes":""},"class_list":["post-4395","page","type-page","status-publish","hentry"],"yoast_head":"<!-- This site is optimized with the Yoast SEO plugin v26.4 - https:\/\/yoast.com\/wordpress\/plugins\/seo\/ -->\n<title>Jasmine R\u00e4s\u00e4nen - NU26<\/title>\n<meta name=\"robots\" content=\"index, follow, max-snippet:-1, max-image-preview:large, max-video-preview:-1\" \/>\n<link rel=\"canonical\" href=\"https:\/\/nu.prakticum.fi\/nu26\/jasmine-rasanen\/\" \/>\n<meta property=\"og:locale\" content=\"en_US\" \/>\n<meta property=\"og:type\" content=\"article\" \/>\n<meta property=\"og:title\" content=\"Jasmine R\u00e4s\u00e4nen - NU26\" \/>\n<meta property=\"og:description\" content=\"Back to homepage Jasmine R\u00e4s\u00e4nen Border and Boundaries \/ Facing The Borderline My name is Jasmine R\u00e4s\u00e4nen. I am a first-year photography student from Helsinki. Photography is a way of expressing what cannot always be put into words, and it reveals things that we cannot see, experience, explain, or pay attention to. Through my artistic [&hellip;]\" \/>\n<meta property=\"og:url\" content=\"https:\/\/nu.prakticum.fi\/nu26\/jasmine-rasanen\/\" \/>\n<meta property=\"og:site_name\" content=\"NU26\" \/>\n<meta property=\"article:modified_time\" content=\"2025-12-22T12:18:56+00:00\" \/>\n<meta property=\"og:image\" content=\"https:\/\/nu.prakticum.fi\/nu26\/wp-content\/uploads\/2025\/12\/FI_1_StadinAO_Jasmine_Rasanen_a4-1024x724.jpg\" \/>\n<meta name=\"twitter:card\" content=\"summary_large_image\" \/>\n<meta name=\"twitter:label1\" content=\"Est. reading time\" \/>\n\t<meta name=\"twitter:data1\" content=\"2 minutes\" \/>\n<script type=\"application\/ld+json\" class=\"yoast-schema-graph\">{\"@context\":\"https:\/\/schema.org\",\"@graph\":[{\"@type\":\"WebPage\",\"@id\":\"https:\/\/nu.prakticum.fi\/nu26\/jasmine-rasanen\/\",\"url\":\"https:\/\/nu.prakticum.fi\/nu26\/jasmine-rasanen\/\",\"name\":\"Jasmine R\u00e4s\u00e4nen - NU26\",\"isPartOf\":{\"@id\":\"https:\/\/nu.prakticum.fi\/nu26\/#website\"},\"primaryImageOfPage\":{\"@id\":\"https:\/\/nu.prakticum.fi\/nu26\/jasmine-rasanen\/#primaryimage\"},\"image\":{\"@id\":\"https:\/\/nu.prakticum.fi\/nu26\/jasmine-rasanen\/#primaryimage\"},\"thumbnailUrl\":\"https:\/\/nu.prakticum.fi\/nu26\/wp-content\/uploads\/2025\/12\/FI_1_StadinAO_Jasmine_Rasanen_a4-1024x724.jpg\",\"datePublished\":\"2025-12-22T12:18:10+00:00\",\"dateModified\":\"2025-12-22T12:18:56+00:00\",\"breadcrumb\":{\"@id\":\"https:\/\/nu.prakticum.fi\/nu26\/jasmine-rasanen\/#breadcrumb\"},\"inLanguage\":\"en-US\",\"potentialAction\":[{\"@type\":\"ReadAction\",\"target\":[\"https:\/\/nu.prakticum.fi\/nu26\/jasmine-rasanen\/\"]}]},{\"@type\":\"ImageObject\",\"inLanguage\":\"en-US\",\"@id\":\"https:\/\/nu.prakticum.fi\/nu26\/jasmine-rasanen\/#primaryimage\",\"url\":\"https:\/\/nu.prakticum.fi\/nu26\/wp-content\/uploads\/2025\/12\/FI_1_StadinAO_Jasmine_Rasanen_a4-scaled.jpg\",\"contentUrl\":\"https:\/\/nu.prakticum.fi\/nu26\/wp-content\/uploads\/2025\/12\/FI_1_StadinAO_Jasmine_Rasanen_a4-scaled.jpg\",\"width\":2560,\"height\":1810},{\"@type\":\"BreadcrumbList\",\"@id\":\"https:\/\/nu.prakticum.fi\/nu26\/jasmine-rasanen\/#breadcrumb\",\"itemListElement\":[{\"@type\":\"ListItem\",\"position\":1,\"name\":\"Home\",\"item\":\"https:\/\/nu.prakticum.fi\/nu26\/\"},{\"@type\":\"ListItem\",\"position\":2,\"name\":\"Jasmine R\u00e4s\u00e4nen\"}]},{\"@type\":\"WebSite\",\"@id\":\"https:\/\/nu.prakticum.fi\/nu26\/#website\",\"url\":\"https:\/\/nu.prakticum.fi\/nu26\/\",\"name\":\"NU26\",\"description\":\"To Belong\",\"potentialAction\":[{\"@type\":\"SearchAction\",\"target\":{\"@type\":\"EntryPoint\",\"urlTemplate\":\"https:\/\/nu.prakticum.fi\/nu26\/?s={search_term_string}\"},\"query-input\":{\"@type\":\"PropertyValueSpecification\",\"valueRequired\":true,\"valueName\":\"search_term_string\"}}],\"inLanguage\":\"en-US\"}]}<\/script>\n<!-- \/ Yoast SEO plugin. -->","yoast_head_json":{"title":"Jasmine R\u00e4s\u00e4nen - NU26","robots":{"index":"index","follow":"follow","max-snippet":"max-snippet:-1","max-image-preview":"max-image-preview:large","max-video-preview":"max-video-preview:-1"},"canonical":"https:\/\/nu.prakticum.fi\/nu26\/jasmine-rasanen\/","og_locale":"en_US","og_type":"article","og_title":"Jasmine R\u00e4s\u00e4nen - NU26","og_description":"Back to homepage Jasmine R\u00e4s\u00e4nen Border and Boundaries \/ Facing The Borderline My name is Jasmine R\u00e4s\u00e4nen. I am a first-year photography student from Helsinki. Photography is a way of expressing what cannot always be put into words, and it reveals things that we cannot see, experience, explain, or pay attention to. Through my artistic [&hellip;]","og_url":"https:\/\/nu.prakticum.fi\/nu26\/jasmine-rasanen\/","og_site_name":"NU26","article_modified_time":"2025-12-22T12:18:56+00:00","og_image":[{"url":"https:\/\/nu.prakticum.fi\/nu26\/wp-content\/uploads\/2025\/12\/FI_1_StadinAO_Jasmine_Rasanen_a4-1024x724.jpg","type":"","width":"","height":""}],"twitter_card":"summary_large_image","twitter_misc":{"Est. reading time":"2 minutes"},"schema":{"@context":"https:\/\/schema.org","@graph":[{"@type":"WebPage","@id":"https:\/\/nu.prakticum.fi\/nu26\/jasmine-rasanen\/","url":"https:\/\/nu.prakticum.fi\/nu26\/jasmine-rasanen\/","name":"Jasmine R\u00e4s\u00e4nen - NU26","isPartOf":{"@id":"https:\/\/nu.prakticum.fi\/nu26\/#website"},"primaryImageOfPage":{"@id":"https:\/\/nu.prakticum.fi\/nu26\/jasmine-rasanen\/#primaryimage"},"image":{"@id":"https:\/\/nu.prakticum.fi\/nu26\/jasmine-rasanen\/#primaryimage"},"thumbnailUrl":"https:\/\/nu.prakticum.fi\/nu26\/wp-content\/uploads\/2025\/12\/FI_1_StadinAO_Jasmine_Rasanen_a4-1024x724.jpg","datePublished":"2025-12-22T12:18:10+00:00","dateModified":"2025-12-22T12:18:56+00:00","breadcrumb":{"@id":"https:\/\/nu.prakticum.fi\/nu26\/jasmine-rasanen\/#breadcrumb"},"inLanguage":"en-US","potentialAction":[{"@type":"ReadAction","target":["https:\/\/nu.prakticum.fi\/nu26\/jasmine-rasanen\/"]}]},{"@type":"ImageObject","inLanguage":"en-US","@id":"https:\/\/nu.prakticum.fi\/nu26\/jasmine-rasanen\/#primaryimage","url":"https:\/\/nu.prakticum.fi\/nu26\/wp-content\/uploads\/2025\/12\/FI_1_StadinAO_Jasmine_Rasanen_a4-scaled.jpg","contentUrl":"https:\/\/nu.prakticum.fi\/nu26\/wp-content\/uploads\/2025\/12\/FI_1_StadinAO_Jasmine_Rasanen_a4-scaled.jpg","width":2560,"height":1810},{"@type":"BreadcrumbList","@id":"https:\/\/nu.prakticum.fi\/nu26\/jasmine-rasanen\/#breadcrumb","itemListElement":[{"@type":"ListItem","position":1,"name":"Home","item":"https:\/\/nu.prakticum.fi\/nu26\/"},{"@type":"ListItem","position":2,"name":"Jasmine R\u00e4s\u00e4nen"}]},{"@type":"WebSite","@id":"https:\/\/nu.prakticum.fi\/nu26\/#website","url":"https:\/\/nu.prakticum.fi\/nu26\/","name":"NU26","description":"To Belong","potentialAction":[{"@type":"SearchAction","target":{"@type":"EntryPoint","urlTemplate":"https:\/\/nu.prakticum.fi\/nu26\/?s={search_term_string}"},"query-input":{"@type":"PropertyValueSpecification","valueRequired":true,"valueName":"search_term_string"}}],"inLanguage":"en-US"}]}},"_links":{"self":[{"href":"https:\/\/nu.prakticum.fi\/nu26\/wp-json\/wp\/v2\/pages\/4395","targetHints":{"allow":["GET"]}}],"collection":[{"href":"https:\/\/nu.prakticum.fi\/nu26\/wp-json\/wp\/v2\/pages"}],"about":[{"href":"https:\/\/nu.prakticum.fi\/nu26\/wp-json\/wp\/v2\/types\/page"}],"author":[{"embeddable":true,"href":"https:\/\/nu.prakticum.fi\/nu26\/wp-json\/wp\/v2\/users\/2"}],"replies":[{"embeddable":true,"href":"https:\/\/nu.prakticum.fi\/nu26\/wp-json\/wp\/v2\/comments?post=4395"}],"version-history":[{"count":7,"href":"https:\/\/nu.prakticum.fi\/nu26\/wp-json\/wp\/v2\/pages\/4395\/revisions"}],"predecessor-version":[{"id":4405,"href":"https:\/\/nu.prakticum.fi\/nu26\/wp-json\/wp\/v2\/pages\/4395\/revisions\/4405"}],"wp:attachment":[{"href":"https:\/\/nu.prakticum.fi\/nu26\/wp-json\/wp\/v2\/media?parent=4395"}],"curies":[{"name":"wp","href":"https:\/\/api.w.org\/{rel}","templated":true}]}}