{"id":818,"date":"2021-10-18T06:29:17","date_gmt":"2021-10-18T06:29:17","guid":{"rendered":"https:\/\/nu.prakticum.fi\/nu24\/?page_id=818"},"modified":"2024-02-01T10:49:23","modified_gmt":"2024-02-01T10:49:23","slug":"uncertainty-principle","status":"publish","type":"page","link":"https:\/\/nu.prakticum.fi\/nu24\/uncertainty-principle\/","title":{"rendered":"Nearing the Abyss"},"content":{"rendered":"\t\t<div data-elementor-type=\"wp-page\" data-elementor-id=\"818\" class=\"elementor elementor-818\">\n\t\t\t\t\t\t<section class=\"elementor-section elementor-top-section elementor-element elementor-element-adc551d elementor-section-boxed elementor-section-height-default elementor-section-height-default\" data-id=\"adc551d\" data-element_type=\"section\" data-e-type=\"section\">\n\t\t\t\t\t\t<div class=\"elementor-container elementor-column-gap-default\">\n\t\t\t\t\t<div class=\"elementor-column elementor-col-100 elementor-top-column elementor-element elementor-element-211aa922\" data-id=\"211aa922\" data-element_type=\"column\" data-e-type=\"column\">\n\t\t\t<div class=\"elementor-widget-wrap elementor-element-populated\">\n\t\t\t\t\t\t<div class=\"elementor-element elementor-element-4539e0b7 elementor-button-info elementor-widget elementor-widget-button\" data-id=\"4539e0b7\" data-element_type=\"widget\" data-e-type=\"widget\" data-widget_type=\"button.default\">\n\t\t\t\t<div class=\"elementor-widget-container\">\n\t\t\t\t\t\t\t\t\t<div class=\"elementor-button-wrapper\">\n\t\t\t\t\t<a class=\"elementor-button elementor-button-link elementor-size-xs elementor-animation-skew-forward\" href=\"https:\/\/nu.prakticum.fi\/nu24\/\">\n\t\t\t\t\t\t<span class=\"elementor-button-content-wrapper\">\n\t\t\t\t\t\t<span class=\"elementor-button-icon\">\n\t\t\t\t<i aria-hidden=\"true\" class=\"fas fa-long-arrow-alt-left\"><\/i>\t\t\t<\/span>\n\t\t\t\t\t\t\t\t\t<span class=\"elementor-button-text\">Return to homepage<\/span>\n\t\t\t\t\t<\/span>\n\t\t\t\t\t<\/a>\n\t\t\t\t<\/div>\n\t\t\t\t\t\t\t\t<\/div>\n\t\t\t\t<\/div>\n\t\t\t\t\t<\/div>\n\t\t<\/div>\n\t\t\t\t\t<\/div>\n\t\t<\/section>\n\t\t\t\t<section class=\"elementor-section elementor-top-section elementor-element elementor-element-0fcac34 elementor-section-boxed elementor-section-height-default elementor-section-height-default\" data-id=\"0fcac34\" data-element_type=\"section\" data-e-type=\"section\">\n\t\t\t\t\t\t<div class=\"elementor-container elementor-column-gap-default\">\n\t\t\t\t\t<div class=\"elementor-column elementor-col-50 elementor-top-column elementor-element elementor-element-95aeee5\" data-id=\"95aeee5\" data-element_type=\"column\" data-e-type=\"column\">\n\t\t\t<div class=\"elementor-widget-wrap elementor-element-populated\">\n\t\t\t\t\t\t<div class=\"elementor-element elementor-element-ac27124 elementor-widget elementor-widget-image\" data-id=\"ac27124\" data-element_type=\"widget\" data-e-type=\"widget\" data-widget_type=\"image.default\">\n\t\t\t\t<div class=\"elementor-widget-container\">\n\t\t\t\t\t\t\t\t\t\t\t\t\t\t\t<img fetchpriority=\"high\" decoding=\"async\" width=\"774\" height=\"1024\" src=\"https:\/\/nu.prakticum.fi\/nu24\/wp-content\/uploads\/2024\/01\/Kopia-av-A.D.Coleman-new_-photo_by_-Nina-Sederholm-2019jpg-774x1024.jpg\" class=\"attachment-large size-large wp-image-3295\" alt=\"\" srcset=\"https:\/\/nu.prakticum.fi\/nu24\/wp-content\/uploads\/2024\/01\/Kopia-av-A.D.Coleman-new_-photo_by_-Nina-Sederholm-2019jpg-774x1024.jpg 774w, https:\/\/nu.prakticum.fi\/nu24\/wp-content\/uploads\/2024\/01\/Kopia-av-A.D.Coleman-new_-photo_by_-Nina-Sederholm-2019jpg-227x300.jpg 227w, https:\/\/nu.prakticum.fi\/nu24\/wp-content\/uploads\/2024\/01\/Kopia-av-A.D.Coleman-new_-photo_by_-Nina-Sederholm-2019jpg-768x1016.jpg 768w, https:\/\/nu.prakticum.fi\/nu24\/wp-content\/uploads\/2024\/01\/Kopia-av-A.D.Coleman-new_-photo_by_-Nina-Sederholm-2019jpg-1161x1536.jpg 1161w, https:\/\/nu.prakticum.fi\/nu24\/wp-content\/uploads\/2024\/01\/Kopia-av-A.D.Coleman-new_-photo_by_-Nina-Sederholm-2019jpg.jpg 1181w\" sizes=\"(max-width: 774px) 100vw, 774px\" \/>\t\t\t\t\t\t\t\t\t\t\t\t\t\t\t<\/div>\n\t\t\t\t<\/div>\n\t\t\t\t\t<\/div>\n\t\t<\/div>\n\t\t\t\t<div class=\"elementor-column elementor-col-50 elementor-top-column elementor-element elementor-element-1e774d0\" data-id=\"1e774d0\" data-element_type=\"column\" data-e-type=\"column\">\n\t\t\t<div class=\"elementor-widget-wrap elementor-element-populated\">\n\t\t\t\t\t\t<div class=\"elementor-element elementor-element-5c9e099 elementor-widget elementor-widget-heading\" data-id=\"5c9e099\" data-element_type=\"widget\" data-e-type=\"widget\" data-widget_type=\"heading.default\">\n\t\t\t\t<div class=\"elementor-widget-container\">\n\t\t\t\t\t<h2 class=\"elementor-heading-title elementor-size-default\">Nearing the Abyss<\/h2>\t\t\t\t<\/div>\n\t\t\t\t<\/div>\n\t\t\t\t<div class=\"elementor-element elementor-element-eaa3de3 elementor-widget elementor-widget-heading\" data-id=\"eaa3de3\" data-element_type=\"widget\" data-e-type=\"widget\" data-widget_type=\"heading.default\">\n\t\t\t\t<div class=\"elementor-widget-container\">\n\t\t\t\t\t<h5 class=\"elementor-heading-title elementor-size-default\">by A. D. Coleman<\/h5>\t\t\t\t<\/div>\n\t\t\t\t<\/div>\n\t\t\t\t<div class=\"elementor-element elementor-element-4ab7718 elementor-widget elementor-widget-text-editor\" data-id=\"4ab7718\" data-element_type=\"widget\" data-e-type=\"widget\" data-widget_type=\"text-editor.default\">\n\t\t\t\t<div class=\"elementor-widget-container\">\n\t\t\t\t\t\t\t\t\t<p><span style=\"font-weight: 400;\">The English language borrows the word <\/span><i><span style=\"font-weight: 400;\">chaos<\/span><\/i><span style=\"font-weight: 400;\"> from the Greek word that means &#8220;abyss.&#8221; And, as philosopher Friedrich Nietzsche proposed, &#8220;[I]f you gaze long enough into an abyss, the abyss will gaze back into you.&#8221;<\/span><\/p><p><span style=\"font-weight: 400;\">&#8220;Chaos&#8221; serves as the chosen theme for this 2024 edition of an established, annual, collaborative exhibition of work by a cross-section of young Nordic photography students.<\/span><\/p><p><span style=\"font-weight: 400;\">Emmy Nystr\u00f6m offers solitary, lonely figures in brooding backstreet environments and situations. Birta Bj\u00f6rgvinsd\u00f3ttir isolates individuals in public, sitting or standing still as motion swirls around them. Rasmus Suomi contemplates the vibrantly coloristic, explosively graffitied walls of abandoned industrial structures. And Nora Fro\u0308berg provides fragmentary glimpses of the casual yet omnipresent disorder of our everyday citified experience.<\/span><\/p><p><span style=\"font-weight: 400;\">Self-portraiture serves here as a vehicle for Jennifer Hallberg, Isabelle Ten, and Thea Sofie Gleditsch Stabell, the last-named of whom generates grotesque photomontages evoking the maddening effects of social pressures. More ambiguously, several projects involve performers who may be either themselves or surrogates: Ingrid Alvine L\u00f8vaas Roksvaag makes color time exposures of a blurred, agitated figure in motion, while Karitas Sveina Gu\u00f0jo\u0301nsdo\u0301ttir, in a dark, brooding black &amp; white set, seeks to evoke the emotional and psychological disturbances resulting from intimate relationships.<\/span><\/p><p><span style=\"font-weight: 400;\">The directorial impulse underlying much of this work manifests itself in more obviously staged scenarios. In Erika Anouch Abrahamsen Anfreville&#8217;s formal portraits, her subjects randomly apply blotches of paint to their faces. Einar Ingi Ingvarsson imagines a young artist driving himself mad by trying to draw a perfect circle freehand. Milo Bergman seeks refuge from choas in tranquil, dream-like close-ups. Solveig Stenborg sets surreal small fires in bowls of food. And Simon Johannesson Tanggaard invents a murder in which &#8220;a human life is dwindled down to nothing more than meat in a plastic bag.&#8221;<\/span><\/p><p><span style=\"font-weight: 400;\">Finally, two of these photographers find metaphors for chaos in the physical world. Mikael Issakainen makes time exposures registering the haphazard traces of nighttime automobile traffic, while Sveinn Hartvig Ingo\u0301lfsson creates stop-motion studies of water in its disordered, &#8220;wild&#8221; state by initiating something akin to a tempest in a teapot.<\/span><\/p><p><span style=\"font-weight: 400;\">Ranging from their late teens to late twenties, this year&#8217;s participants constitute the youngest group to engage in this series of projects so far. This makes them too young to have &#8220;gaze[d] long enough into an abyss.&#8221; They understand chaos not as a philosophical construct or a social, cultural, or political condition, but rather as primarily an internal, emotional, and privately experiential angst &#8212; or else, in a few cases, as an abstract, quasi-scientific idea. Yet, to varying degrees, they have brought themselves closer to the abyss. In time, some of them may look over the edge.<\/span><\/p><p>\u00a0<\/p><p><span style=\"font-weight: 400;\">Bio note:<\/span><\/p><p><span style=\"font-weight: 400;\">Based in New York, A. D. Coleman currently celebrates his 56th year as a critic, historian, and theorist of photography and photo-based art. His blog, Photocritic International, appears online at tinyurl.com\/3r4uuynp.<\/span><\/p><p><br style=\"font-weight: 400;\" \/><b>\u00a9 Copyright 2024 by A. D. Coleman. All rights reserved. By permission of the author and Image\/World Syndication Services, imageworld@nearbycafe.com<\/b><\/p>\t\t\t\t\t\t\t\t<\/div>\n\t\t\t\t<\/div>\n\t\t\t\t\t<\/div>\n\t\t<\/div>\n\t\t\t\t\t<\/div>\n\t\t<\/section>\n\t\t\t\t<\/div>\n\t\t","protected":false},"excerpt":{"rendered":"<p>Return to homepage Nearing the Abyss by A. D. Coleman The English language borrows the word chaos from the Greek word that means &#8220;abyss.&#8221; And, as philosopher Friedrich Nietzsche proposed, &#8220;[I]f you gaze long enough into an abyss, the abyss will gaze back into you.&#8221; &#8220;Chaos&#8221; serves as the chosen theme for this 2024 edition [&hellip;]<\/p>\n","protected":false},"author":1,"featured_media":0,"parent":0,"menu_order":0,"comment_status":"closed","ping_status":"closed","template":"","meta":{"site-sidebar-layout":"no-sidebar","site-content-layout":"page-builder","ast-site-content-layout":"default","site-content-style":"default","site-sidebar-style":"default","ast-global-header-display":"","ast-banner-title-visibility":"","ast-main-header-display":"","ast-hfb-above-header-display":"","ast-hfb-below-header-display":"","ast-hfb-mobile-header-display":"","site-post-title":"disabled","ast-breadcrumbs-content":"","ast-featured-img":"disabled","footer-sml-layout":"","ast-disable-related-posts":"","theme-transparent-header-meta":"disabled","adv-header-id-meta":"","stick-header-meta":"","header-above-stick-meta":"","header-main-stick-meta":"","header-below-stick-meta":"","astra-migrate-meta-layouts":"default","ast-page-background-enabled":"default","ast-page-background-meta":{"desktop":{"background-color":"","background-image":"","background-repeat":"repeat","background-position":"center center","background-size":"auto","background-attachment":"scroll","background-type":"","background-media":"","overlay-type":"","overlay-color":"","overlay-opacity":"","overlay-gradient":""},"tablet":{"background-color":"","background-image":"","background-repeat":"repeat","background-position":"center center","background-size":"auto","background-attachment":"scroll","background-type":"","background-media":"","overlay-type":"","overlay-color":"","overlay-opacity":"","overlay-gradient":""},"mobile":{"background-color":"","background-image":"","background-repeat":"repeat","background-position":"center center","background-size":"auto","background-attachment":"scroll","background-type":"","background-media":"","overlay-type":"","overlay-color":"","overlay-opacity":"","overlay-gradient":""}},"ast-content-background-meta":{"desktop":{"background-color":"var(--ast-global-color-5)","background-image":"","background-repeat":"repeat","background-position":"center center","background-size":"auto","background-attachment":"scroll","background-type":"","background-media":"","overlay-type":"","overlay-color":"","overlay-opacity":"","overlay-gradient":""},"tablet":{"background-color":"var(--ast-global-color-5)","background-image":"","background-repeat":"repeat","background-position":"center center","background-size":"auto","background-attachment":"scroll","background-type":"","background-media":"","overlay-type":"","overlay-color":"","overlay-opacity":"","overlay-gradient":""},"mobile":{"background-color":"var(--ast-global-color-5)","background-image":"","background-repeat":"repeat","background-position":"center center","background-size":"auto","background-attachment":"scroll","background-type":"","background-media":"","overlay-type":"","overlay-color":"","overlay-opacity":"","overlay-gradient":""}},"footnotes":""},"class_list":["post-818","page","type-page","status-publish","hentry"],"yoast_head":"<!-- This site is optimized with the Yoast SEO plugin v27.2 - https:\/\/yoast.com\/product\/yoast-seo-wordpress\/ -->\n<title>Nearing the Abyss - NU24<\/title>\n<meta name=\"description\" content=\"Introduction to Nu24 - Chaos Project. Based in New York, A. D. Coleman currently celebrates his 56th year as a critic, historian, and theorist of photography and photo-based art. His blog, Photocritic International, appears online at tinyurl.com\/3r4uuynp.\" \/>\n<meta name=\"robots\" content=\"noindex, follow\" \/>\n<meta property=\"og:locale\" content=\"en_US\" \/>\n<meta property=\"og:type\" content=\"article\" \/>\n<meta property=\"og:title\" content=\"Nearing the Abyss - NU24\" \/>\n<meta property=\"og:description\" content=\"Introduction to Nu24 - Chaos Project. Based in New York, A. D. Coleman currently celebrates his 56th year as a critic, historian, and theorist of photography and photo-based art. His blog, Photocritic International, appears online at tinyurl.com\/3r4uuynp.\" \/>\n<meta property=\"og:url\" content=\"https:\/\/nu.prakticum.fi\/nu24\/uncertainty-principle\/\" \/>\n<meta property=\"og:site_name\" content=\"NU24\" \/>\n<meta property=\"article:modified_time\" content=\"2024-02-01T10:49:23+00:00\" \/>\n<meta property=\"og:image\" content=\"https:\/\/nu.prakticum.fi\/nu24\/wp-content\/uploads\/2024\/01\/Kopia-av-A.D.Coleman-new_-photo_by_-Nina-Sederholm-2019jpg-774x1024.jpg\" \/>\n<meta name=\"twitter:card\" content=\"summary_large_image\" \/>\n<meta name=\"twitter:label1\" content=\"Est. reading time\" \/>\n\t<meta name=\"twitter:data1\" content=\"3 minutes\" \/>\n<script type=\"application\/ld+json\" class=\"yoast-schema-graph\">{\"@context\":\"https:\/\/schema.org\",\"@graph\":[{\"@type\":\"WebPage\",\"@id\":\"https:\/\/nu.prakticum.fi\/nu24\/uncertainty-principle\/\",\"url\":\"https:\/\/nu.prakticum.fi\/nu24\/uncertainty-principle\/\",\"name\":\"Nearing the Abyss - NU24\",\"isPartOf\":{\"@id\":\"https:\/\/nu.prakticum.fi\/nu24\/#website\"},\"primaryImageOfPage\":{\"@id\":\"https:\/\/nu.prakticum.fi\/nu24\/uncertainty-principle\/#primaryimage\"},\"image\":{\"@id\":\"https:\/\/nu.prakticum.fi\/nu24\/uncertainty-principle\/#primaryimage\"},\"thumbnailUrl\":\"https:\/\/nu.prakticum.fi\/nu24\/wp-content\/uploads\/2024\/01\/Kopia-av-A.D.Coleman-new_-photo_by_-Nina-Sederholm-2019jpg-774x1024.jpg\",\"datePublished\":\"2021-10-18T06:29:17+00:00\",\"dateModified\":\"2024-02-01T10:49:23+00:00\",\"description\":\"Introduction to Nu24 - Chaos Project. Based in New York, A. D. Coleman currently celebrates his 56th year as a critic, historian, and theorist of photography and photo-based art. His blog, Photocritic International, appears online at tinyurl.com\/3r4uuynp.\",\"breadcrumb\":{\"@id\":\"https:\/\/nu.prakticum.fi\/nu24\/uncertainty-principle\/#breadcrumb\"},\"inLanguage\":\"en-US\",\"potentialAction\":[{\"@type\":\"ReadAction\",\"target\":[\"https:\/\/nu.prakticum.fi\/nu24\/uncertainty-principle\/\"]}]},{\"@type\":\"ImageObject\",\"inLanguage\":\"en-US\",\"@id\":\"https:\/\/nu.prakticum.fi\/nu24\/uncertainty-principle\/#primaryimage\",\"url\":\"https:\/\/nu.prakticum.fi\/nu24\/wp-content\/uploads\/2024\/01\/Kopia-av-A.D.Coleman-new_-photo_by_-Nina-Sederholm-2019jpg.jpg\",\"contentUrl\":\"https:\/\/nu.prakticum.fi\/nu24\/wp-content\/uploads\/2024\/01\/Kopia-av-A.D.Coleman-new_-photo_by_-Nina-Sederholm-2019jpg.jpg\",\"width\":1181,\"height\":1563},{\"@type\":\"BreadcrumbList\",\"@id\":\"https:\/\/nu.prakticum.fi\/nu24\/uncertainty-principle\/#breadcrumb\",\"itemListElement\":[{\"@type\":\"ListItem\",\"position\":1,\"name\":\"Home\",\"item\":\"https:\/\/nu.prakticum.fi\/nu24\/\"},{\"@type\":\"ListItem\",\"position\":2,\"name\":\"Nearing the Abyss\"}]},{\"@type\":\"WebSite\",\"@id\":\"https:\/\/nu.prakticum.fi\/nu24\/#website\",\"url\":\"https:\/\/nu.prakticum.fi\/nu24\/\",\"name\":\"NU24\",\"description\":\"New Horizon\",\"potentialAction\":[{\"@type\":\"SearchAction\",\"target\":{\"@type\":\"EntryPoint\",\"urlTemplate\":\"https:\/\/nu.prakticum.fi\/nu24\/?s={search_term_string}\"},\"query-input\":{\"@type\":\"PropertyValueSpecification\",\"valueRequired\":true,\"valueName\":\"search_term_string\"}}],\"inLanguage\":\"en-US\"}]}<\/script>\n<!-- \/ Yoast SEO plugin. -->","yoast_head_json":{"title":"Nearing the Abyss - NU24","description":"Introduction to Nu24 - Chaos Project. Based in New York, A. D. Coleman currently celebrates his 56th year as a critic, historian, and theorist of photography and photo-based art. His blog, Photocritic International, appears online at tinyurl.com\/3r4uuynp.","robots":{"index":"noindex","follow":"follow"},"og_locale":"en_US","og_type":"article","og_title":"Nearing the Abyss - NU24","og_description":"Introduction to Nu24 - Chaos Project. Based in New York, A. D. Coleman currently celebrates his 56th year as a critic, historian, and theorist of photography and photo-based art. His blog, Photocritic International, appears online at tinyurl.com\/3r4uuynp.","og_url":"https:\/\/nu.prakticum.fi\/nu24\/uncertainty-principle\/","og_site_name":"NU24","article_modified_time":"2024-02-01T10:49:23+00:00","og_image":[{"url":"https:\/\/nu.prakticum.fi\/nu24\/wp-content\/uploads\/2024\/01\/Kopia-av-A.D.Coleman-new_-photo_by_-Nina-Sederholm-2019jpg-774x1024.jpg","type":"","width":"","height":""}],"twitter_card":"summary_large_image","twitter_misc":{"Est. reading time":"3 minutes"},"schema":{"@context":"https:\/\/schema.org","@graph":[{"@type":"WebPage","@id":"https:\/\/nu.prakticum.fi\/nu24\/uncertainty-principle\/","url":"https:\/\/nu.prakticum.fi\/nu24\/uncertainty-principle\/","name":"Nearing the Abyss - NU24","isPartOf":{"@id":"https:\/\/nu.prakticum.fi\/nu24\/#website"},"primaryImageOfPage":{"@id":"https:\/\/nu.prakticum.fi\/nu24\/uncertainty-principle\/#primaryimage"},"image":{"@id":"https:\/\/nu.prakticum.fi\/nu24\/uncertainty-principle\/#primaryimage"},"thumbnailUrl":"https:\/\/nu.prakticum.fi\/nu24\/wp-content\/uploads\/2024\/01\/Kopia-av-A.D.Coleman-new_-photo_by_-Nina-Sederholm-2019jpg-774x1024.jpg","datePublished":"2021-10-18T06:29:17+00:00","dateModified":"2024-02-01T10:49:23+00:00","description":"Introduction to Nu24 - Chaos Project. Based in New York, A. D. Coleman currently celebrates his 56th year as a critic, historian, and theorist of photography and photo-based art. His blog, Photocritic International, appears online at tinyurl.com\/3r4uuynp.","breadcrumb":{"@id":"https:\/\/nu.prakticum.fi\/nu24\/uncertainty-principle\/#breadcrumb"},"inLanguage":"en-US","potentialAction":[{"@type":"ReadAction","target":["https:\/\/nu.prakticum.fi\/nu24\/uncertainty-principle\/"]}]},{"@type":"ImageObject","inLanguage":"en-US","@id":"https:\/\/nu.prakticum.fi\/nu24\/uncertainty-principle\/#primaryimage","url":"https:\/\/nu.prakticum.fi\/nu24\/wp-content\/uploads\/2024\/01\/Kopia-av-A.D.Coleman-new_-photo_by_-Nina-Sederholm-2019jpg.jpg","contentUrl":"https:\/\/nu.prakticum.fi\/nu24\/wp-content\/uploads\/2024\/01\/Kopia-av-A.D.Coleman-new_-photo_by_-Nina-Sederholm-2019jpg.jpg","width":1181,"height":1563},{"@type":"BreadcrumbList","@id":"https:\/\/nu.prakticum.fi\/nu24\/uncertainty-principle\/#breadcrumb","itemListElement":[{"@type":"ListItem","position":1,"name":"Home","item":"https:\/\/nu.prakticum.fi\/nu24\/"},{"@type":"ListItem","position":2,"name":"Nearing the Abyss"}]},{"@type":"WebSite","@id":"https:\/\/nu.prakticum.fi\/nu24\/#website","url":"https:\/\/nu.prakticum.fi\/nu24\/","name":"NU24","description":"New Horizon","potentialAction":[{"@type":"SearchAction","target":{"@type":"EntryPoint","urlTemplate":"https:\/\/nu.prakticum.fi\/nu24\/?s={search_term_string}"},"query-input":{"@type":"PropertyValueSpecification","valueRequired":true,"valueName":"search_term_string"}}],"inLanguage":"en-US"}]}},"_links":{"self":[{"href":"https:\/\/nu.prakticum.fi\/nu24\/wp-json\/wp\/v2\/pages\/818","targetHints":{"allow":["GET"]}}],"collection":[{"href":"https:\/\/nu.prakticum.fi\/nu24\/wp-json\/wp\/v2\/pages"}],"about":[{"href":"https:\/\/nu.prakticum.fi\/nu24\/wp-json\/wp\/v2\/types\/page"}],"author":[{"embeddable":true,"href":"https:\/\/nu.prakticum.fi\/nu24\/wp-json\/wp\/v2\/users\/1"}],"replies":[{"embeddable":true,"href":"https:\/\/nu.prakticum.fi\/nu24\/wp-json\/wp\/v2\/comments?post=818"}],"version-history":[{"count":47,"href":"https:\/\/nu.prakticum.fi\/nu24\/wp-json\/wp\/v2\/pages\/818\/revisions"}],"predecessor-version":[{"id":3298,"href":"https:\/\/nu.prakticum.fi\/nu24\/wp-json\/wp\/v2\/pages\/818\/revisions\/3298"}],"wp:attachment":[{"href":"https:\/\/nu.prakticum.fi\/nu24\/wp-json\/wp\/v2\/media?parent=818"}],"curies":[{"name":"wp","href":"https:\/\/api.w.org\/{rel}","templated":true}]}}