{"id":818,"date":"2021-10-18T06:29:17","date_gmt":"2021-10-18T06:29:17","guid":{"rendered":"https:\/\/nu.prakticum.fi\/nu22\/?page_id=818"},"modified":"2022-02-14T08:26:57","modified_gmt":"2022-02-14T08:26:57","slug":"a-d-coleman","status":"publish","type":"page","link":"https:\/\/nu.prakticum.fi\/nu22\/a-d-coleman\/","title":{"rendered":"The Sky&#8217;s the Limit"},"content":{"rendered":"\t\t<div data-elementor-type=\"wp-page\" data-elementor-id=\"818\" class=\"elementor elementor-818\">\n\t\t\t\t\t\t<section class=\"elementor-section elementor-top-section elementor-element elementor-element-adc551d elementor-section-boxed elementor-section-height-default elementor-section-height-default\" data-id=\"adc551d\" data-element_type=\"section\" data-e-type=\"section\">\n\t\t\t\t\t\t<div class=\"elementor-container elementor-column-gap-default\">\n\t\t\t\t\t<div class=\"elementor-column elementor-col-100 elementor-top-column elementor-element elementor-element-211aa922\" data-id=\"211aa922\" data-element_type=\"column\" data-e-type=\"column\">\n\t\t\t<div class=\"elementor-widget-wrap elementor-element-populated\">\n\t\t\t\t\t\t<div class=\"elementor-element elementor-element-4539e0b7 elementor-button-info elementor-widget elementor-widget-button\" data-id=\"4539e0b7\" data-element_type=\"widget\" data-e-type=\"widget\" data-widget_type=\"button.default\">\n\t\t\t\t<div class=\"elementor-widget-container\">\n\t\t\t\t\t\t\t\t\t<div class=\"elementor-button-wrapper\">\n\t\t\t\t\t<a class=\"elementor-button elementor-button-link elementor-size-xs elementor-animation-skew-forward\" href=\"https:\/\/nu.prakticum.fi\/nu22\/\">\n\t\t\t\t\t\t<span class=\"elementor-button-content-wrapper\">\n\t\t\t\t\t\t<span class=\"elementor-button-icon\">\n\t\t\t\t<i aria-hidden=\"true\" class=\"fas fa-long-arrow-alt-left\"><\/i>\t\t\t<\/span>\n\t\t\t\t\t\t\t\t\t<span class=\"elementor-button-text\">Return to homepage<\/span>\n\t\t\t\t\t<\/span>\n\t\t\t\t\t<\/a>\n\t\t\t\t<\/div>\n\t\t\t\t\t\t\t\t<\/div>\n\t\t\t\t<\/div>\n\t\t\t\t\t<\/div>\n\t\t<\/div>\n\t\t\t\t\t<\/div>\n\t\t<\/section>\n\t\t\t\t<section class=\"elementor-section elementor-top-section elementor-element elementor-element-0fcac34 elementor-section-boxed elementor-section-height-default elementor-section-height-default\" data-id=\"0fcac34\" data-element_type=\"section\" data-e-type=\"section\">\n\t\t\t\t\t\t<div class=\"elementor-container elementor-column-gap-default\">\n\t\t\t\t\t<div class=\"elementor-column elementor-col-50 elementor-top-column elementor-element elementor-element-95aeee5\" data-id=\"95aeee5\" data-element_type=\"column\" data-e-type=\"column\">\n\t\t\t<div class=\"elementor-widget-wrap elementor-element-populated\">\n\t\t\t\t\t\t<div class=\"elementor-element elementor-element-ac27124 elementor-widget elementor-widget-image\" data-id=\"ac27124\" data-element_type=\"widget\" data-e-type=\"widget\" data-widget_type=\"image.default\">\n\t\t\t\t<div class=\"elementor-widget-container\">\n\t\t\t\t\t\t\t\t\t\t\t\t\t\t\t<img fetchpriority=\"high\" decoding=\"async\" width=\"774\" height=\"1024\" src=\"https:\/\/nu.prakticum.fi\/nu22\/wp-content\/uploads\/2022\/01\/Kopia-av-A.D.Coleman-new_-photo_by_-Nina-Sederholm-2019jpg-774x1024.jpg\" class=\"attachment-large size-large wp-image-1739\" alt=\"\" srcset=\"https:\/\/nu.prakticum.fi\/nu22\/wp-content\/uploads\/2022\/01\/Kopia-av-A.D.Coleman-new_-photo_by_-Nina-Sederholm-2019jpg-774x1024.jpg 774w, https:\/\/nu.prakticum.fi\/nu22\/wp-content\/uploads\/2022\/01\/Kopia-av-A.D.Coleman-new_-photo_by_-Nina-Sederholm-2019jpg-227x300.jpg 227w, https:\/\/nu.prakticum.fi\/nu22\/wp-content\/uploads\/2022\/01\/Kopia-av-A.D.Coleman-new_-photo_by_-Nina-Sederholm-2019jpg-768x1016.jpg 768w, https:\/\/nu.prakticum.fi\/nu22\/wp-content\/uploads\/2022\/01\/Kopia-av-A.D.Coleman-new_-photo_by_-Nina-Sederholm-2019jpg-1161x1536.jpg 1161w, https:\/\/nu.prakticum.fi\/nu22\/wp-content\/uploads\/2022\/01\/Kopia-av-A.D.Coleman-new_-photo_by_-Nina-Sederholm-2019jpg.jpg 1181w\" sizes=\"(max-width: 774px) 100vw, 774px\" \/>\t\t\t\t\t\t\t\t\t\t\t\t\t\t\t<\/div>\n\t\t\t\t<\/div>\n\t\t\t\t\t<\/div>\n\t\t<\/div>\n\t\t\t\t<div class=\"elementor-column elementor-col-50 elementor-top-column elementor-element elementor-element-1e774d0\" data-id=\"1e774d0\" data-element_type=\"column\" data-e-type=\"column\">\n\t\t\t<div class=\"elementor-widget-wrap elementor-element-populated\">\n\t\t\t\t\t\t<div class=\"elementor-element elementor-element-5c9e099 elementor-widget elementor-widget-heading\" data-id=\"5c9e099\" data-element_type=\"widget\" data-e-type=\"widget\" data-widget_type=\"heading.default\">\n\t\t\t\t<div class=\"elementor-widget-container\">\n\t\t\t\t\t<h2 class=\"elementor-heading-title elementor-size-default\">The Sky's the Limit<\/h2>\t\t\t\t<\/div>\n\t\t\t\t<\/div>\n\t\t\t\t<div class=\"elementor-element elementor-element-1ffb5e1 elementor-widget elementor-widget-heading\" data-id=\"1ffb5e1\" data-element_type=\"widget\" data-e-type=\"widget\" data-widget_type=\"heading.default\">\n\t\t\t\t<div class=\"elementor-widget-container\">\n\t\t\t\t\t<h5 class=\"elementor-heading-title elementor-size-default\">by A. D. Coleman<\/h5>\t\t\t\t<\/div>\n\t\t\t\t<\/div>\n\t\t\t\t<div class=\"elementor-element elementor-element-4ab7718 elementor-widget elementor-widget-text-editor\" data-id=\"4ab7718\" data-element_type=\"widget\" data-e-type=\"widget\" data-widget_type=\"text-editor.default\">\n\t\t\t\t<div class=\"elementor-widget-container\">\n\t\t\t\t\t\t\t\t\t<p>This 2022 edition of an established, annual, collaborative exhibition of work by a cross-section of Nordic photographers makes its debut online and in print two years after the sudden emergence of the COVID-19 pandemic that has since gone global.<br \/><br \/><\/p><p>We don&#8217;t yet have a catchy nickname for those who have endured this radical shift in everyday life. (GenCovid? Pandemials?), though surely that will come. But it&#8217;s safe to assume that these picture-makers, who range in age from the late teens to the early fifties, share the experience of 24 months of lockdown, masking, hand-sanitizing, social distancing, vaccinations, face-to-face work lives and school lives and social\/personal lives gone virtual \u2014 possibly even the serious illness and death of friends, acquaintances, and loved ones. Whatever their differences, they have this ongoing ordeal in common, which makes them part of a de facto demographic cohort \u2014 along with all the rest of us.<br \/><br \/><\/p><p>In response to this year&#8217;s exhibition theme, these emerging photographers turn almost uniformly to the natural world as a source of spiritual replenishment and hope, a metaphoric path forward. While a few of their images got made in domestic interiors, the &#8220;social landscape&#8221; \u2014 the urban and suburban and rural environments inhabited by others, not just oneself \u2014 appears here only in a black &amp; white image by Stig Hansen of people ascending a set of concrete steps. A starscape, nighttime and daytime skies, forests in various weather conditions, woodland floors seen close-up &#8230; the tranquil world that Nina Stenberg, Jack Rannstr\u00f6m, Madelene Boehm, Amelie Weckman, and Elliot Cederquist show us is a largely depopulated one.<br \/><br \/><\/p><p>If these photographers see the future not as bleak and foreboding but as peaceful and enticing, then, it would seem that depends on the absence of others. The few images that involve the direct human presence (by Hansen, Kim Warren, Camilla Kjellberg, and Elsa L\u00f6nnehed) portray moments of isolation, solitude, and contemplation. With these notable exceptions: Einar Jarl Bj\u00f6rgvinsson, Joseph Cardenas, Gu\u00f0mundur \u00d3li Gunnarsson, and Arnfr\u00ed\u00f0ur \u00d3sk J\u00f3nsd\u00f3ttir all address the elephant in the room \u2014 the pandemic \u2014 by utilizing what has become the universal symbol thereof, the suddenly ubiquitous face mask.<br \/><br \/><\/p><p>Imagining what comes next, these staged images suggest, requires confronting the here and now, including the possibility that COVID-19 may become a permanent feature of the social landscape in one form or another. If the pandemic has taught us how to live by ourselves, truly surviving it will involve re-learning how to live with each other, to resume our lives as social beings.<br \/><br \/><\/p><p>In one of J\u00f3nsd\u00f3ttir&#8217;s images, two people&#8217;s hands reach out diagonally from opposite sides of the the frame, as if searching for touch. The distance between them seems great. Yet the effort is underway. Perhaps that is all of us now, learning again how to connect.<\/p><p>\u00a0<\/p><p><em>Bio note:<\/em><\/p><p><em>Based in New York, A. D. Coleman currently celebrates his 54th year as a critic, historian, and theorist of photography and photo-based art. His blog, Photocritic International, appears online at photocritic.com.<\/em><\/p><p><strong>\u00a9 Copyright 2022 by A. D. Coleman. All rights reserved. By permission of the author and Image\/World Syndication Services, imageworld@nearbycafe.com.<\/strong><\/p>\t\t\t\t\t\t\t\t<\/div>\n\t\t\t\t<\/div>\n\t\t\t\t\t<\/div>\n\t\t<\/div>\n\t\t\t\t\t<\/div>\n\t\t<\/section>\n\t\t\t\t<\/div>\n\t\t","protected":false},"excerpt":{"rendered":"<p>Return to homepage The Sky&#8217;s the Limit by A. D. Coleman This 2022 edition of an established, annual, collaborative exhibition of work by a cross-section of Nordic photographers makes its debut online and in print two years after the sudden emergence of the COVID-19 pandemic that has since gone global. We don&#8217;t yet have a [&hellip;]<\/p>\n","protected":false},"author":1,"featured_media":0,"parent":0,"menu_order":0,"comment_status":"closed","ping_status":"closed","template":"","meta":{"site-sidebar-layout":"no-sidebar","site-content-layout":"page-builder","ast-site-content-layout":"default","site-content-style":"default","site-sidebar-style":"default","ast-global-header-display":"","ast-banner-title-visibility":"","ast-main-header-display":"","ast-hfb-above-header-display":"","ast-hfb-below-header-display":"","ast-hfb-mobile-header-display":"","site-post-title":"disabled","ast-breadcrumbs-content":"","ast-featured-img":"disabled","footer-sml-layout":"","ast-disable-related-posts":"","theme-transparent-header-meta":"disabled","adv-header-id-meta":"","stick-header-meta":"","header-above-stick-meta":"","header-main-stick-meta":"","header-below-stick-meta":"","astra-migrate-meta-layouts":"default","ast-page-background-enabled":"default","ast-page-background-meta":{"desktop":{"background-color":"","background-image":"","background-repeat":"repeat","background-position":"center center","background-size":"auto","background-attachment":"scroll","background-type":"","background-media":"","overlay-type":"","overlay-color":"","overlay-opacity":"","overlay-gradient":""},"tablet":{"background-color":"","background-image":"","background-repeat":"repeat","background-position":"center center","background-size":"auto","background-attachment":"scroll","background-type":"","background-media":"","overlay-type":"","overlay-color":"","overlay-opacity":"","overlay-gradient":""},"mobile":{"background-color":"","background-image":"","background-repeat":"repeat","background-position":"center center","background-size":"auto","background-attachment":"scroll","background-type":"","background-media":"","overlay-type":"","overlay-color":"","overlay-opacity":"","overlay-gradient":""}},"ast-content-background-meta":{"desktop":{"background-color":"var(--ast-global-color-5)","background-image":"","background-repeat":"repeat","background-position":"center center","background-size":"auto","background-attachment":"scroll","background-type":"","background-media":"","overlay-type":"","overlay-color":"","overlay-opacity":"","overlay-gradient":""},"tablet":{"background-color":"var(--ast-global-color-5)","background-image":"","background-repeat":"repeat","background-position":"center center","background-size":"auto","background-attachment":"scroll","background-type":"","background-media":"","overlay-type":"","overlay-color":"","overlay-opacity":"","overlay-gradient":""},"mobile":{"background-color":"var(--ast-global-color-5)","background-image":"","background-repeat":"repeat","background-position":"center center","background-size":"auto","background-attachment":"scroll","background-type":"","background-media":"","overlay-type":"","overlay-color":"","overlay-opacity":"","overlay-gradient":""}},"footnotes":""},"class_list":["post-818","page","type-page","status-publish","hentry"],"yoast_head":"<!-- This site is optimized with the Yoast SEO plugin v27.2 - https:\/\/yoast.com\/product\/yoast-seo-wordpress\/ -->\n<title>The Sky&#039;s the Limit - NU22<\/title>\n<meta name=\"robots\" content=\"index, follow, max-snippet:-1, max-image-preview:large, max-video-preview:-1\" \/>\n<link rel=\"canonical\" href=\"https:\/\/nu.prakticum.fi\/nu22\/a-d-coleman\/\" \/>\n<meta property=\"og:locale\" content=\"en_US\" \/>\n<meta property=\"og:type\" content=\"article\" \/>\n<meta property=\"og:title\" content=\"The Sky&#039;s the Limit - NU22\" \/>\n<meta property=\"og:description\" content=\"Return to homepage The Sky&#8217;s the Limit by A. D. Coleman This 2022 edition of an established, annual, collaborative exhibition of work by a cross-section of Nordic photographers makes its debut online and in print two years after the sudden emergence of the COVID-19 pandemic that has since gone global. We don&#8217;t yet have a [&hellip;]\" \/>\n<meta property=\"og:url\" content=\"https:\/\/nu.prakticum.fi\/nu22\/a-d-coleman\/\" \/>\n<meta property=\"og:site_name\" content=\"NU22\" \/>\n<meta property=\"article:modified_time\" content=\"2022-02-14T08:26:57+00:00\" \/>\n<meta property=\"og:image\" content=\"https:\/\/nu.prakticum.fi\/nu22\/wp-content\/uploads\/2022\/01\/Kopia-av-A.D.Coleman-new_-photo_by_-Nina-Sederholm-2019jpg-774x1024.jpg\" \/>\n<meta name=\"twitter:card\" content=\"summary_large_image\" \/>\n<meta name=\"twitter:label1\" content=\"Est. reading time\" \/>\n\t<meta name=\"twitter:data1\" content=\"3 minutes\" \/>\n<script type=\"application\/ld+json\" class=\"yoast-schema-graph\">{\"@context\":\"https:\/\/schema.org\",\"@graph\":[{\"@type\":\"WebPage\",\"@id\":\"https:\/\/nu.prakticum.fi\/nu22\/a-d-coleman\/\",\"url\":\"https:\/\/nu.prakticum.fi\/nu22\/a-d-coleman\/\",\"name\":\"The Sky's the Limit - NU22\",\"isPartOf\":{\"@id\":\"https:\/\/nu.prakticum.fi\/nu22\/#website\"},\"primaryImageOfPage\":{\"@id\":\"https:\/\/nu.prakticum.fi\/nu22\/a-d-coleman\/#primaryimage\"},\"image\":{\"@id\":\"https:\/\/nu.prakticum.fi\/nu22\/a-d-coleman\/#primaryimage\"},\"thumbnailUrl\":\"https:\/\/nu.prakticum.fi\/nu22\/wp-content\/uploads\/2022\/01\/Kopia-av-A.D.Coleman-new_-photo_by_-Nina-Sederholm-2019jpg-774x1024.jpg\",\"datePublished\":\"2021-10-18T06:29:17+00:00\",\"dateModified\":\"2022-02-14T08:26:57+00:00\",\"breadcrumb\":{\"@id\":\"https:\/\/nu.prakticum.fi\/nu22\/a-d-coleman\/#breadcrumb\"},\"inLanguage\":\"en\",\"potentialAction\":[{\"@type\":\"ReadAction\",\"target\":[\"https:\/\/nu.prakticum.fi\/nu22\/a-d-coleman\/\"]}]},{\"@type\":\"ImageObject\",\"inLanguage\":\"en\",\"@id\":\"https:\/\/nu.prakticum.fi\/nu22\/a-d-coleman\/#primaryimage\",\"url\":\"https:\/\/nu.prakticum.fi\/nu22\/wp-content\/uploads\/2022\/01\/Kopia-av-A.D.Coleman-new_-photo_by_-Nina-Sederholm-2019jpg.jpg\",\"contentUrl\":\"https:\/\/nu.prakticum.fi\/nu22\/wp-content\/uploads\/2022\/01\/Kopia-av-A.D.Coleman-new_-photo_by_-Nina-Sederholm-2019jpg.jpg\",\"width\":1181,\"height\":1563},{\"@type\":\"BreadcrumbList\",\"@id\":\"https:\/\/nu.prakticum.fi\/nu22\/a-d-coleman\/#breadcrumb\",\"itemListElement\":[{\"@type\":\"ListItem\",\"position\":1,\"name\":\"Home\",\"item\":\"https:\/\/nu.prakticum.fi\/nu22\/\"},{\"@type\":\"ListItem\",\"position\":2,\"name\":\"The Sky&#8217;s the Limit\"}]},{\"@type\":\"WebSite\",\"@id\":\"https:\/\/nu.prakticum.fi\/nu22\/#website\",\"url\":\"https:\/\/nu.prakticum.fi\/nu22\/\",\"name\":\"NU22\",\"description\":\"New Horizon\",\"publisher\":{\"@id\":\"https:\/\/nu.prakticum.fi\/nu22\/#organization\"},\"potentialAction\":[{\"@type\":\"SearchAction\",\"target\":{\"@type\":\"EntryPoint\",\"urlTemplate\":\"https:\/\/nu.prakticum.fi\/nu22\/?s={search_term_string}\"},\"query-input\":{\"@type\":\"PropertyValueSpecification\",\"valueRequired\":true,\"valueName\":\"search_term_string\"}}],\"inLanguage\":\"en\"},{\"@type\":\"Organization\",\"@id\":\"https:\/\/nu.prakticum.fi\/nu22\/#organization\",\"name\":\"NU22\",\"url\":\"https:\/\/nu.prakticum.fi\/nu22\/\",\"logo\":{\"@type\":\"ImageObject\",\"inLanguage\":\"en\",\"@id\":\"https:\/\/nu.prakticum.fi\/nu22\/#\/schema\/logo\/image\/\",\"url\":\"https:\/\/nu.prakticum.fi\/nu22\/wp-content\/uploads\/2022\/01\/cropped-cropped-NU22.png\",\"contentUrl\":\"https:\/\/nu.prakticum.fi\/nu22\/wp-content\/uploads\/2022\/01\/cropped-cropped-NU22.png\",\"width\":1080,\"height\":1080,\"caption\":\"NU22\"},\"image\":{\"@id\":\"https:\/\/nu.prakticum.fi\/nu22\/#\/schema\/logo\/image\/\"}}]}<\/script>\n<!-- \/ Yoast SEO plugin. -->","yoast_head_json":{"title":"The Sky's the Limit - NU22","robots":{"index":"index","follow":"follow","max-snippet":"max-snippet:-1","max-image-preview":"max-image-preview:large","max-video-preview":"max-video-preview:-1"},"canonical":"https:\/\/nu.prakticum.fi\/nu22\/a-d-coleman\/","og_locale":"en_US","og_type":"article","og_title":"The Sky's the Limit - NU22","og_description":"Return to homepage The Sky&#8217;s the Limit by A. D. Coleman This 2022 edition of an established, annual, collaborative exhibition of work by a cross-section of Nordic photographers makes its debut online and in print two years after the sudden emergence of the COVID-19 pandemic that has since gone global. We don&#8217;t yet have a [&hellip;]","og_url":"https:\/\/nu.prakticum.fi\/nu22\/a-d-coleman\/","og_site_name":"NU22","article_modified_time":"2022-02-14T08:26:57+00:00","og_image":[{"url":"https:\/\/nu.prakticum.fi\/nu22\/wp-content\/uploads\/2022\/01\/Kopia-av-A.D.Coleman-new_-photo_by_-Nina-Sederholm-2019jpg-774x1024.jpg","type":"","width":"","height":""}],"twitter_card":"summary_large_image","twitter_misc":{"Est. reading time":"3 minutes"},"schema":{"@context":"https:\/\/schema.org","@graph":[{"@type":"WebPage","@id":"https:\/\/nu.prakticum.fi\/nu22\/a-d-coleman\/","url":"https:\/\/nu.prakticum.fi\/nu22\/a-d-coleman\/","name":"The Sky's the Limit - NU22","isPartOf":{"@id":"https:\/\/nu.prakticum.fi\/nu22\/#website"},"primaryImageOfPage":{"@id":"https:\/\/nu.prakticum.fi\/nu22\/a-d-coleman\/#primaryimage"},"image":{"@id":"https:\/\/nu.prakticum.fi\/nu22\/a-d-coleman\/#primaryimage"},"thumbnailUrl":"https:\/\/nu.prakticum.fi\/nu22\/wp-content\/uploads\/2022\/01\/Kopia-av-A.D.Coleman-new_-photo_by_-Nina-Sederholm-2019jpg-774x1024.jpg","datePublished":"2021-10-18T06:29:17+00:00","dateModified":"2022-02-14T08:26:57+00:00","breadcrumb":{"@id":"https:\/\/nu.prakticum.fi\/nu22\/a-d-coleman\/#breadcrumb"},"inLanguage":"en","potentialAction":[{"@type":"ReadAction","target":["https:\/\/nu.prakticum.fi\/nu22\/a-d-coleman\/"]}]},{"@type":"ImageObject","inLanguage":"en","@id":"https:\/\/nu.prakticum.fi\/nu22\/a-d-coleman\/#primaryimage","url":"https:\/\/nu.prakticum.fi\/nu22\/wp-content\/uploads\/2022\/01\/Kopia-av-A.D.Coleman-new_-photo_by_-Nina-Sederholm-2019jpg.jpg","contentUrl":"https:\/\/nu.prakticum.fi\/nu22\/wp-content\/uploads\/2022\/01\/Kopia-av-A.D.Coleman-new_-photo_by_-Nina-Sederholm-2019jpg.jpg","width":1181,"height":1563},{"@type":"BreadcrumbList","@id":"https:\/\/nu.prakticum.fi\/nu22\/a-d-coleman\/#breadcrumb","itemListElement":[{"@type":"ListItem","position":1,"name":"Home","item":"https:\/\/nu.prakticum.fi\/nu22\/"},{"@type":"ListItem","position":2,"name":"The Sky&#8217;s the Limit"}]},{"@type":"WebSite","@id":"https:\/\/nu.prakticum.fi\/nu22\/#website","url":"https:\/\/nu.prakticum.fi\/nu22\/","name":"NU22","description":"New Horizon","publisher":{"@id":"https:\/\/nu.prakticum.fi\/nu22\/#organization"},"potentialAction":[{"@type":"SearchAction","target":{"@type":"EntryPoint","urlTemplate":"https:\/\/nu.prakticum.fi\/nu22\/?s={search_term_string}"},"query-input":{"@type":"PropertyValueSpecification","valueRequired":true,"valueName":"search_term_string"}}],"inLanguage":"en"},{"@type":"Organization","@id":"https:\/\/nu.prakticum.fi\/nu22\/#organization","name":"NU22","url":"https:\/\/nu.prakticum.fi\/nu22\/","logo":{"@type":"ImageObject","inLanguage":"en","@id":"https:\/\/nu.prakticum.fi\/nu22\/#\/schema\/logo\/image\/","url":"https:\/\/nu.prakticum.fi\/nu22\/wp-content\/uploads\/2022\/01\/cropped-cropped-NU22.png","contentUrl":"https:\/\/nu.prakticum.fi\/nu22\/wp-content\/uploads\/2022\/01\/cropped-cropped-NU22.png","width":1080,"height":1080,"caption":"NU22"},"image":{"@id":"https:\/\/nu.prakticum.fi\/nu22\/#\/schema\/logo\/image\/"}}]}},"_links":{"self":[{"href":"https:\/\/nu.prakticum.fi\/nu22\/wp-json\/wp\/v2\/pages\/818","targetHints":{"allow":["GET"]}}],"collection":[{"href":"https:\/\/nu.prakticum.fi\/nu22\/wp-json\/wp\/v2\/pages"}],"about":[{"href":"https:\/\/nu.prakticum.fi\/nu22\/wp-json\/wp\/v2\/types\/page"}],"author":[{"embeddable":true,"href":"https:\/\/nu.prakticum.fi\/nu22\/wp-json\/wp\/v2\/users\/1"}],"replies":[{"embeddable":true,"href":"https:\/\/nu.prakticum.fi\/nu22\/wp-json\/wp\/v2\/comments?post=818"}],"version-history":[{"count":21,"href":"https:\/\/nu.prakticum.fi\/nu22\/wp-json\/wp\/v2\/pages\/818\/revisions"}],"predecessor-version":[{"id":2450,"href":"https:\/\/nu.prakticum.fi\/nu22\/wp-json\/wp\/v2\/pages\/818\/revisions\/2450"}],"wp:attachment":[{"href":"https:\/\/nu.prakticum.fi\/nu22\/wp-json\/wp\/v2\/media?parent=818"}],"curies":[{"name":"wp","href":"https:\/\/api.w.org\/{rel}","templated":true}]}}